{"id":1057,"date":"2025-07-24T08:31:10","date_gmt":"2025-07-24T08:31:10","guid":{"rendered":"https:\/\/www.atkar.hu\/?page_id=1057"},"modified":"2025-07-24T08:31:10","modified_gmt":"2025-07-24T08:31:10","slug":"helyi-human-fejlesztesek-vamosgyork-atkar-nagyfuged-es-visznek-telepuleseken","status":"publish","type":"page","link":"https:\/\/www.atkar.hu\/?page_id=1057","title":{"rendered":"&#8222;Helyi hum\u00e1n fejleszt\u00e9sek V\u00e1mosgy\u00f6rk, Atk\u00e1r, Nagyf\u00fcged \u00e9s Visznek telep\u00fcl\u00e9seken&#8221;"},"content":{"rendered":"","protected":false},"excerpt":{"rendered":"","protected":false},"author":1,"featured_media":0,"parent":747,"menu_order":0,"comment_status":"closed","ping_status":"closed","template":"","meta":{"footnotes":""},"class_list":["post-1057","page","type-page","status-publish","hentry"],"_links":{"self":[{"href":"https:\/\/www.atkar.hu\/index.php?rest_route=\/wp\/v2\/pages\/1057","targetHints":{"allow":["GET"]}}],"collection":[{"href":"https:\/\/www.atkar.hu\/index.php?rest_route=\/wp\/v2\/pages"}],"about":[{"href":"https:\/\/www.atkar.hu\/index.php?rest_route=\/wp\/v2\/types\/page"}],"author":[{"embeddable":true,"href":"https:\/\/www.atkar.hu\/index.php?rest_route=\/wp\/v2\/users\/1"}],"replies":[{"embeddable":true,"href":"https:\/\/www.atkar.hu\/index.php?rest_route=%2Fwp%2Fv2%2Fcomments&post=1057"}],"version-history":[{"count":1,"href":"https:\/\/www.atkar.hu\/index.php?rest_route=\/wp\/v2\/pages\/1057\/revisions"}],"predecessor-version":[{"id":1058,"href":"https:\/\/www.atkar.hu\/index.php?rest_route=\/wp\/v2\/pages\/1057\/revisions\/1058"}],"up":[{"embeddable":true,"href":"https:\/\/www.atkar.hu\/index.php?rest_route=\/wp\/v2\/pages\/747"}],"wp:attachment":[{"href":"https:\/\/www.atkar.hu\/index.php?rest_route=%2Fwp%2Fv2%2Fmedia&parent=1057"}],"curies":[{"name":"wp","href":"https:\/\/api.w.org\/{rel}","templated":true}]}}