{"id":1067,"date":"2025-07-24T08:45:16","date_gmt":"2025-07-24T08:45:16","guid":{"rendered":"https:\/\/www.atkar.hu\/?page_id=1067"},"modified":"2025-09-25T12:49:17","modified_gmt":"2025-09-25T12:49:17","slug":"nyomtatvanyok","status":"publish","type":"page","link":"https:\/\/www.atkar.hu\/?page_id=1067","title":{"rendered":"Nyomtatv\u00e1nyok"},"content":{"rendered":"\n<div data-wp-interactive=\"core\/file\" class=\"wp-block-file\"><object data-wp-bind--hidden=\"!state.hasPdfPreview\" hidden class=\"wp-block-file__embed\" data=\"https:\/\/www.atkar.hu\/wp-content\/uploads\/2025.-evi-szocialisan-raszorulo-lakosok-tuzifaban-valo-reszesitese.pdf\" type=\"application\/pdf\" style=\"width:100%;height:600px\" aria-label=\"2025. \u00e9vi szoci\u00e1lisan r\u00e1szorul\u00f3 lakosok t\u0171zif\u00e1ban val\u00f3 r\u00e9szes\u00edt\u00e9se be\u00e1gyaz\u00e1sa\"><\/object><a id=\"wp-block-file--media-dc69af3d-f202-468c-9f0f-c8c8ea292688\" href=\"https:\/\/www.atkar.hu\/wp-content\/uploads\/2025.-evi-szocialisan-raszorulo-lakosok-tuzifaban-valo-reszesitese.pdf\">2025. \u00e9vi szoci\u00e1lisan r\u00e1szorul\u00f3 lakosok t\u0171zif\u00e1ban val\u00f3 r\u00e9szes\u00edt\u00e9se<\/a><a href=\"https:\/\/www.atkar.hu\/wp-content\/uploads\/2025.-evi-szocialisan-raszorulo-lakosok-tuzifaban-valo-reszesitese.pdf\" class=\"wp-block-file__button wp-element-button\" download aria-describedby=\"wp-block-file--media-dc69af3d-f202-468c-9f0f-c8c8ea292688\">Let\u00f6lt\u00e9s<\/a><\/div>\n","protected":false},"excerpt":{"rendered":"","protected":false},"author":1,"featured_media":0,"parent":0,"menu_order":0,"comment_status":"closed","ping_status":"closed","template":"","meta":{"footnotes":""},"class_list":["post-1067","page","type-page","status-publish","hentry"],"_links":{"self":[{"href":"https:\/\/www.atkar.hu\/index.php?rest_route=\/wp\/v2\/pages\/1067","targetHints":{"allow":["GET"]}}],"collection":[{"href":"https:\/\/www.atkar.hu\/index.php?rest_route=\/wp\/v2\/pages"}],"about":[{"href":"https:\/\/www.atkar.hu\/index.php?rest_route=\/wp\/v2\/types\/page"}],"author":[{"embeddable":true,"href":"https:\/\/www.atkar.hu\/index.php?rest_route=\/wp\/v2\/users\/1"}],"replies":[{"embeddable":true,"href":"https:\/\/www.atkar.hu\/index.php?rest_route=%2Fwp%2Fv2%2Fcomments&post=1067"}],"version-history":[{"count":2,"href":"https:\/\/www.atkar.hu\/index.php?rest_route=\/wp\/v2\/pages\/1067\/revisions"}],"predecessor-version":[{"id":1101,"href":"https:\/\/www.atkar.hu\/index.php?rest_route=\/wp\/v2\/pages\/1067\/revisions\/1101"}],"wp:attachment":[{"href":"https:\/\/www.atkar.hu\/index.php?rest_route=%2Fwp%2Fv2%2Fmedia&parent=1067"}],"curies":[{"name":"wp","href":"https:\/\/api.w.org\/{rel}","templated":true}]}}