{"id":29,"date":"2011-01-20T12:14:39","date_gmt":"2011-01-20T12:14:39","guid":{"rendered":"http:\/\/atkar.246.hu\/?page_id=29"},"modified":"2026-03-26T07:27:45","modified_gmt":"2026-03-26T07:27:45","slug":"polgarmesteri-hivatal","status":"publish","type":"page","link":"https:\/\/www.atkar.hu\/?page_id=29","title":{"rendered":"Polg\u00e1rmesteri Hivatal"},"content":{"rendered":"\n<p><strong>Visontai K\u00f6z\u00f6s \u00d6nkorm\u00e1nyzati Hivatal<br>Atk\u00e1ri Kirendelts\u00e9ge<\/strong><br>3213 Atk\u00e1r, F\u0151 \u00fat 70.<br>Telefon: +36 37&nbsp;351-021<br>Mobil: +36 30&nbsp;606-3200<br>e-mail: <a href=\"mailto:ph@atkar.hu\">ph@atkar.hu<\/a><\/p>\n\n\n\n<p><strong>Az \u00fcgyf\u00e9lfogad\u00e1s rendje:<\/strong><br>H\u00e9tf\u0151: 08:00 \u2013 17:00 (12:00 \u2013 12:30 technikai sz\u00fcnet)<br>Kedd: nincs \u00fcgyf\u00e9lfogad\u00e1s<br>Szerda: 8:00 \u2013 16:00 (12:00 \u2013 12:30 technikai sz\u00fcnet)<br>Cs\u00fct\u00f6rt\u00f6k: nincs \u00fcgyf\u00e9lfogad\u00e1s<br>P\u00e9ntek: 08:00 -12:00<\/p>\n\n\n\n<p><strong>Polg\u00e1rmester: Kocsis Attila<\/strong><br>Telefon: +36 37&nbsp;351-021<br>e-mail: <a href=\"mailto:polgarmester@atkar.hu\">polgarmester@atkar.hu<\/a><br><strong>F O G A D \u00d3 \u00d3 R A:<\/strong><br>Minden h\u00f3nap els\u0151 szerd\u00e1j\u00e1n<br>10:00 \u2013 12:00 \u00e9s 14:00 \u2013 16:00 \u00f3ra<br>El\u0151zetes bejelentkez\u00e9s:<br>e-mailben <a href=\"mailto:polgarmester@atkar.hu\">polgarmester@atkar.hu<\/a><br>telefonon a +36\/30\/606-3231 sz\u00e1mon<\/p>\n\n\n\n<p><strong>Jegyz\u0151: Jancsovics-Heged\u0171s Hajnalka<\/strong><br>3271 Visonta, H\u0151s\u00f6k tere 3.<br>Telefon: +36 37&nbsp;360-086<br>e-mail: <a href=\"mailto:jegyzo@visonta.hu\">jegyzo@visonta.hu<\/a><\/p>\n\n\n\n<p><strong>Aljegyz\u0151: Dr. Szit\u00e1s \u00c1gnes<\/strong><br>3213 Atk\u00e1r, F\u0151 \u00fat 70.<br>Telefon: +36 37&nbsp;351-021<br>e-mail: <a href=\"mailto:jegyzo@atkar.hu\">jegyzo@atkar.hu<\/a><\/p>\n\n\n\n<p><strong>Aljegyz\u0151 \u00fcgyf\u00e9lfogad\u00e1s rendje:<\/strong><br>H\u00e9tf\u0151: 8:00 \u2013 17:00 (12:00-12:30 technikai sz\u00fcnet)<br>Szerda: 8:00 \u2013 16:00 (12:00-12:30 technikai sz\u00fcnet)<\/p>\n\n\n\n<p class=\"has-medium-font-size\"><strong>K\u00f6ztisztvisel\u0151k:<\/strong><\/p>\n\n\n\n<p><strong>Cs\u00e9p\u00e1ny Krisztina gazd\u00e1lkod\u00e1si el\u0151ad\u00f3<\/strong><br>Telefon: +36 37&nbsp;351-021\/24<br>e-mail: <a href=\"mailto:gazdalkodas1@atkar.hu\">gazdalkodas1@atkar.hu<\/a><\/p>\n\n\n\n<p><strong>Dugnovics Csab\u00e1n\u00e9 titk\u00e1rs\u00e1gi el\u0151ad\u00f3\/anyak\u00f6nyvvezet\u0151<\/strong><br>Telefon: +36 37&nbsp;351-021\/11<br>e-mail: <a href=\"mailto:titkarsag@atkar.hu\">titkarsag@atkar.hu<\/a><\/p>\n\n\n\n<p><strong>Herbai Edit Marianna gazd\u00e1lkod\u00e1si el\u0151ad\u00f3<\/strong><br>Telefon: +36 37&nbsp;351-021\/24<br>e-mail: <a href=\"mailto:gazdalkodas1@atkar.hu\">gazdalkodas1@atkar.hu<\/a><\/p>\n\n\n\n<p><strong>Horv\u00e1thn\u00e9 Ol\u00e1h Andrea ad\u00f3\u00fcgyi el\u0151ad\u00f3<\/strong><br>Telefon: +36 37&nbsp;351-021\/25<br>e-mail: <a href=\"mailto:ado@atkar.hu\">ado@atkar.hu<\/a><\/p>\n","protected":false},"excerpt":{"rendered":"<p>Visontai K\u00f6z\u00f6s \u00d6nkorm\u00e1nyzati HivatalAtk\u00e1ri Kirendelts\u00e9ge3213 Atk\u00e1r, F\u0151 \u00fat 70.Telefon: +36 37&nbsp;351-021Mobil: +36 30&nbsp;606-3200e-mail: ph@atkar.hu Az \u00fcgyf\u00e9lfogad\u00e1s rendje:H\u00e9tf\u0151: 08:00 \u2013 17:00 (12:00 \u2013 12:30 technikai sz\u00fcnet)Kedd: nincs \u00fcgyf\u00e9lfogad\u00e1sSzerda: 8:00 \u2013 16:00 (12:00 \u2013 12:30 technikai sz\u00fcnet)Cs\u00fct\u00f6rt\u00f6k: nincs \u00fcgyf\u00e9lfogad\u00e1sP\u00e9ntek: 08:00 -12:00 Polg\u00e1rmester: Kocsis AttilaTelefon: +36 37&nbsp;351-021e-mail: polgarmester@atkar.huF O G A D \u00d3 \u00d3 R A:Minden h\u00f3nap els\u0151 [&hellip;]<\/p>\n","protected":false},"author":1,"featured_media":0,"parent":0,"menu_order":2,"comment_status":"closed","ping_status":"closed","template":"","meta":{"footnotes":""},"class_list":["post-29","page","type-page","status-publish","hentry"],"_links":{"self":[{"href":"https:\/\/www.atkar.hu\/index.php?rest_route=\/wp\/v2\/pages\/29","targetHints":{"allow":["GET"]}}],"collection":[{"href":"https:\/\/www.atkar.hu\/index.php?rest_route=\/wp\/v2\/pages"}],"about":[{"href":"https:\/\/www.atkar.hu\/index.php?rest_route=\/wp\/v2\/types\/page"}],"author":[{"embeddable":true,"href":"https:\/\/www.atkar.hu\/index.php?rest_route=\/wp\/v2\/users\/1"}],"replies":[{"embeddable":true,"href":"https:\/\/www.atkar.hu\/index.php?rest_route=%2Fwp%2Fv2%2Fcomments&post=29"}],"version-history":[{"count":107,"href":"https:\/\/www.atkar.hu\/index.php?rest_route=\/wp\/v2\/pages\/29\/revisions"}],"predecessor-version":[{"id":1161,"href":"https:\/\/www.atkar.hu\/index.php?rest_route=\/wp\/v2\/pages\/29\/revisions\/1161"}],"wp:attachment":[{"href":"https:\/\/www.atkar.hu\/index.php?rest_route=%2Fwp%2Fv2%2Fmedia&parent=29"}],"curies":[{"name":"wp","href":"https:\/\/api.w.org\/{rel}","templated":true}]}}