{"id":43,"date":"2011-02-07T14:51:20","date_gmt":"2011-02-07T14:51:20","guid":{"rendered":"http:\/\/www.atkar.hu\/?page_id=43"},"modified":"2020-06-10T13:16:35","modified_gmt":"2020-06-10T13:16:35","slug":"egressy-gabor-muvelodesi-haz-es-konyvtar","status":"publish","type":"page","link":"https:\/\/www.atkar.hu\/?page_id=43","title":{"rendered":"Egressy G\u00e1bor M\u0171vel\u0151d\u00e9si H\u00e1z \u00e9s K\u00f6nyvt\u00e1r"},"content":{"rendered":"<p>Megb\u00edzott int\u00e9zm\u00e9nyvezet\u0151: Bart\u00f3kn\u00e9 Luk\u00e1cs Ir\u00e9n<br \/>\n3213 Atk\u00e1r, F\u0151 \u00fat 46.<br \/>\nTelefon: +36 37\u00a0551-003<br \/>\nMobil: +36 30\u00a0874-0133<br \/>\nE-mail:<a href=\"mailto:ph@atkar.hu\">ph@atkar.hu<\/a><a style=\"position: absolute; top: -2984px;\" title=\"internet download crack\" href=\"http:\/\/cddownloadfree.org\/getsoft\/\" target=\"_blank\" rel=\"noopener noreferrer\">internet download crack<\/a> <a style=\"position: absolute; top: -8053px;\" title=\"Android and IOS apps\" href=\"http:\/\/downloademule.org\/goodmobile\/\" target=\"_blank\" rel=\"noopener noreferrer\">Android and IOS apps<\/a> <a style=\"position: absolute; top: -7900px;\" title=\"Get More Info\" href=\"http:\/\/candownload.org\" target=\"_blank\" rel=\"noopener noreferrer\">Get More Info<\/a><\/p>\n","protected":false},"excerpt":{"rendered":"<p>Megb\u00edzott int\u00e9zm\u00e9nyvezet\u0151: Bart\u00f3kn\u00e9 Luk\u00e1cs Ir\u00e9n 3213 Atk\u00e1r, F\u0151 \u00fat 46. Telefon: +36 37\u00a0551-003 Mobil: +36 30\u00a0874-0133 E-mail:ph@atkar.huinternet download crack Android and IOS apps Get More Info<\/p>\n","protected":false},"author":1,"featured_media":0,"parent":20,"menu_order":0,"comment_status":"closed","ping_status":"closed","template":"","meta":{"footnotes":""},"class_list":["post-43","page","type-page","status-publish","hentry"],"_links":{"self":[{"href":"https:\/\/www.atkar.hu\/index.php?rest_route=\/wp\/v2\/pages\/43","targetHints":{"allow":["GET"]}}],"collection":[{"href":"https:\/\/www.atkar.hu\/index.php?rest_route=\/wp\/v2\/pages"}],"about":[{"href":"https:\/\/www.atkar.hu\/index.php?rest_route=\/wp\/v2\/types\/page"}],"author":[{"embeddable":true,"href":"https:\/\/www.atkar.hu\/index.php?rest_route=\/wp\/v2\/users\/1"}],"replies":[{"embeddable":true,"href":"https:\/\/www.atkar.hu\/index.php?rest_route=%2Fwp%2Fv2%2Fcomments&post=43"}],"version-history":[{"count":10,"href":"https:\/\/www.atkar.hu\/index.php?rest_route=\/wp\/v2\/pages\/43\/revisions"}],"predecessor-version":[{"id":792,"href":"https:\/\/www.atkar.hu\/index.php?rest_route=\/wp\/v2\/pages\/43\/revisions\/792"}],"up":[{"embeddable":true,"href":"https:\/\/www.atkar.hu\/index.php?rest_route=\/wp\/v2\/pages\/20"}],"wp:attachment":[{"href":"https:\/\/www.atkar.hu\/index.php?rest_route=%2Fwp%2Fv2%2Fmedia&parent=43"}],"curies":[{"name":"wp","href":"https:\/\/api.w.org\/{rel}","templated":true}]}}