{"id":601,"date":"2019-02-25T13:29:31","date_gmt":"2019-02-25T13:29:31","guid":{"rendered":"http:\/\/www.atkar.hu\/?page_id=601"},"modified":"2026-03-26T07:19:02","modified_gmt":"2026-03-26T07:19:02","slug":"bizottsagok","status":"publish","type":"page","link":"https:\/\/www.atkar.hu\/?page_id=601","title":{"rendered":"Bizotts\u00e1gok"},"content":{"rendered":"\n<ul class=\"wp-block-list\">\n<li><strong>\u00dcgyrendi \u00e9s P\u00e9nz\u00fcgyi Bizotts\u00e1g<\/strong><br>Hovanecz Zsolt eln\u00f6k<br>Dr. Jakab K\u00e1lm\u00e1n<br>Oravecz Szabolcs<\/li>\n<\/ul>\n\n\n\n<ul class=\"wp-block-list\">\n<li><strong>Szoci\u00e1lis Bizotts\u00e1g<\/strong><br>Hovanecz Anna M\u00e1ria eln\u00f6k<br>Bart\u00f3k P\u00e9ter<br>Dr. Jakab K\u00e1lm\u00e1n<br>Nem k\u00e9pvisel\u0151 tagok:<br>Dr. Solt\u00e9sz S\u00e1ndor<br>Oravecz Gy\u00f6rgyn\u00e9<\/li>\n<\/ul>\n\n\n\n<p><\/p>\n","protected":false},"excerpt":{"rendered":"","protected":false},"author":1,"featured_media":0,"parent":18,"menu_order":2,"comment_status":"closed","ping_status":"closed","template":"","meta":{"footnotes":""},"class_list":["post-601","page","type-page","status-publish","hentry"],"_links":{"self":[{"href":"https:\/\/www.atkar.hu\/index.php?rest_route=\/wp\/v2\/pages\/601","targetHints":{"allow":["GET"]}}],"collection":[{"href":"https:\/\/www.atkar.hu\/index.php?rest_route=\/wp\/v2\/pages"}],"about":[{"href":"https:\/\/www.atkar.hu\/index.php?rest_route=\/wp\/v2\/types\/page"}],"author":[{"embeddable":true,"href":"https:\/\/www.atkar.hu\/index.php?rest_route=\/wp\/v2\/users\/1"}],"replies":[{"embeddable":true,"href":"https:\/\/www.atkar.hu\/index.php?rest_route=%2Fwp%2Fv2%2Fcomments&post=601"}],"version-history":[{"count":6,"href":"https:\/\/www.atkar.hu\/index.php?rest_route=\/wp\/v2\/pages\/601\/revisions"}],"predecessor-version":[{"id":1154,"href":"https:\/\/www.atkar.hu\/index.php?rest_route=\/wp\/v2\/pages\/601\/revisions\/1154"}],"up":[{"embeddable":true,"href":"https:\/\/www.atkar.hu\/index.php?rest_route=\/wp\/v2\/pages\/18"}],"wp:attachment":[{"href":"https:\/\/www.atkar.hu\/index.php?rest_route=%2Fwp%2Fv2%2Fmedia&parent=601"}],"curies":[{"name":"wp","href":"https:\/\/api.w.org\/{rel}","templated":true}]}}