{"id":610,"date":"2019-02-25T13:36:45","date_gmt":"2019-02-25T13:36:45","guid":{"rendered":"http:\/\/www.atkar.hu\/?page_id=610"},"modified":"2020-09-14T12:14:37","modified_gmt":"2020-09-14T12:14:37","slug":"fozokonyha","status":"publish","type":"page","link":"https:\/\/www.atkar.hu\/?page_id=610","title":{"rendered":"F\u0151z\u0151konyha"},"content":{"rendered":"\n<p>\u00c9lelmez\u00e9svezet\u0151: Horv\u00e1th Ilona <br>3213 Atk\u00e1r, F\u0151 \u00fat 44.<br>Telefon: +36 37\u00a0501-179<br>E-mail: <a href=\"atkarkonyha@gmail.com\">atkarkonyha@gmail.com <\/a><\/p>\n","protected":false},"excerpt":{"rendered":"<p>\u00c9lelmez\u00e9svezet\u0151: Horv\u00e1th Ilona 3213 Atk\u00e1r, F\u0151 \u00fat 44.Telefon: +36 37\u00a0501-179E-mail: atkarkonyha@gmail.com<\/p>\n","protected":false},"author":1,"featured_media":0,"parent":20,"menu_order":4,"comment_status":"closed","ping_status":"closed","template":"","meta":{"footnotes":""},"class_list":["post-610","page","type-page","status-publish","hentry"],"_links":{"self":[{"href":"https:\/\/www.atkar.hu\/index.php?rest_route=\/wp\/v2\/pages\/610","targetHints":{"allow":["GET"]}}],"collection":[{"href":"https:\/\/www.atkar.hu\/index.php?rest_route=\/wp\/v2\/pages"}],"about":[{"href":"https:\/\/www.atkar.hu\/index.php?rest_route=\/wp\/v2\/types\/page"}],"author":[{"embeddable":true,"href":"https:\/\/www.atkar.hu\/index.php?rest_route=\/wp\/v2\/users\/1"}],"replies":[{"embeddable":true,"href":"https:\/\/www.atkar.hu\/index.php?rest_route=%2Fwp%2Fv2%2Fcomments&post=610"}],"version-history":[{"count":2,"href":"https:\/\/www.atkar.hu\/index.php?rest_route=\/wp\/v2\/pages\/610\/revisions"}],"predecessor-version":[{"id":797,"href":"https:\/\/www.atkar.hu\/index.php?rest_route=\/wp\/v2\/pages\/610\/revisions\/797"}],"up":[{"embeddable":true,"href":"https:\/\/www.atkar.hu\/index.php?rest_route=\/wp\/v2\/pages\/20"}],"wp:attachment":[{"href":"https:\/\/www.atkar.hu\/index.php?rest_route=%2Fwp%2Fv2%2Fmedia&parent=610"}],"curies":[{"name":"wp","href":"https:\/\/api.w.org\/{rel}","templated":true}]}}