{"id":616,"date":"2019-02-25T13:39:50","date_gmt":"2019-02-25T13:39:50","guid":{"rendered":"http:\/\/www.atkar.hu\/?page_id=616"},"modified":"2024-09-16T09:29:41","modified_gmt":"2024-09-16T09:29:41","slug":"haziorvosi-rendelo","status":"publish","type":"page","link":"https:\/\/www.atkar.hu\/?page_id=616","title":{"rendered":"H\u00e1ziorvosi rendel\u0151"},"content":{"rendered":"\n<p><strong>Dr. Jakab K\u00e1lm\u00e1n h\u00e1ziorvos<\/strong><\/p>\n\n\n\n<p>Semper Sanitas E\u00fc. Szolg. Kft.<br>3213 Atk\u00e1r, F\u0151 \u00fat 87.<br>Tel.: 37\/521-200, +36 20 914 3400<br>E-mail: jakabkalmandr@freemail.hu<\/p>\n\n\n\n<figure class=\"wp-block-table is-style-stripes\"><table><tbody><tr><td class=\"has-text-align-center\" data-align=\"center\"><\/td><td class=\"has-text-align-center\" data-align=\"center\">Betegfogad\u00e1si id\u0151<\/td><td>Rendel\u00e9si id\u0151<\/td><\/tr><tr><td class=\"has-text-align-center\" data-align=\"center\">H\u00e9tf\u0151<\/td><td class=\"has-text-align-center\" data-align=\"center\">15:00-18:00<\/td><td>15:00-19:00<\/td><\/tr><tr><td class=\"has-text-align-center\" data-align=\"center\">Kedd<\/td><td class=\"has-text-align-center\" data-align=\"center\">08:00-11:00<\/td><td>07:00-11:00<\/td><\/tr><tr><td class=\"has-text-align-center\" data-align=\"center\">Szerda<\/td><td class=\"has-text-align-center\" data-align=\"center\">08:00-11:00<\/td><td>07:00-11:00<\/td><\/tr><tr><td class=\"has-text-align-center\" data-align=\"center\">Cs\u00fct\u00f6rt\u00f6k<\/td><td class=\"has-text-align-center\" data-align=\"center\">08:00-11:00<\/td><td>07:00-11:00<\/td><\/tr><tr><td class=\"has-text-align-center\" data-align=\"center\">P\u00e9ntek<\/td><td class=\"has-text-align-center\" data-align=\"center\">08:00-11:00<\/td><td>07:00-11:00<\/td><\/tr><\/tbody><\/table><\/figure>\n\n\n\n<p><strong>Rendelkez\u00e9sre \u00e1ll\u00f3 id\u0151: <\/strong>h\u00e9tk\u00f6znap 08:00-16:00<\/p>\n\n\n\n<p><strong>\u00dcgyelet:<\/strong><br>3200 Gy\u00f6ngy\u00f6s, D\u00f3zsa Gy\u00f6rgy \u00fat 20-22.<br>H\u00e9tk\u00f6znap: 16:00-08:00<br>H\u00e9tv\u00e9g\u00e9n: szombat 08:00-h\u00e9tf\u0151 08:00<br>Tel.: 112 vagy 1830<\/p>\n\n\n\n<p><strong>Iskolaorvosi eg\u00e9szs\u00e9g\u00fcgyi ell\u00e1t\u00e1s \u00e9s tan\u00e1csad\u00e1s:<\/strong> kedd 11:00-12:30<br><strong>Csecsem\u0151 \u00e9s gyermektan\u00e1csad\u00e1s:<\/strong> kedd 12:30-14:00<br>Az ell\u00e1t\u00e1s a v\u00e9d\u0151n\u0151i tan\u00e1csad\u00f3ban t\u00f6rt\u00e9nik.<\/p>\n\n\n\n<p><\/p>\n","protected":false},"excerpt":{"rendered":"<p>Dr. Jakab K\u00e1lm\u00e1n h\u00e1ziorvos Semper Sanitas E\u00fc. Szolg. Kft.3213 Atk\u00e1r, F\u0151 \u00fat 87.Tel.: 37\/521-200, +36 20 914 3400E-mail: jakabkalmandr@freemail.hu Betegfogad\u00e1si id\u0151 Rendel\u00e9si id\u0151 H\u00e9tf\u0151 15:00-18:00 15:00-19:00 Kedd 08:00-11:00 07:00-11:00 Szerda 08:00-11:00 07:00-11:00 Cs\u00fct\u00f6rt\u00f6k 08:00-11:00 07:00-11:00 P\u00e9ntek 08:00-11:00 07:00-11:00 Rendelkez\u00e9sre \u00e1ll\u00f3 id\u0151: h\u00e9tk\u00f6znap 08:00-16:00 \u00dcgyelet:3200 Gy\u00f6ngy\u00f6s, D\u00f3zsa Gy\u00f6rgy \u00fat 20-22.H\u00e9tk\u00f6znap: 16:00-08:00H\u00e9tv\u00e9g\u00e9n: szombat 08:00-h\u00e9tf\u0151 08:00Tel.: 112 vagy [&hellip;]<\/p>\n","protected":false},"author":1,"featured_media":0,"parent":614,"menu_order":1,"comment_status":"closed","ping_status":"closed","template":"","meta":{"footnotes":""},"class_list":["post-616","page","type-page","status-publish","hentry"],"_links":{"self":[{"href":"https:\/\/www.atkar.hu\/index.php?rest_route=\/wp\/v2\/pages\/616","targetHints":{"allow":["GET"]}}],"collection":[{"href":"https:\/\/www.atkar.hu\/index.php?rest_route=\/wp\/v2\/pages"}],"about":[{"href":"https:\/\/www.atkar.hu\/index.php?rest_route=\/wp\/v2\/types\/page"}],"author":[{"embeddable":true,"href":"https:\/\/www.atkar.hu\/index.php?rest_route=\/wp\/v2\/users\/1"}],"replies":[{"embeddable":true,"href":"https:\/\/www.atkar.hu\/index.php?rest_route=%2Fwp%2Fv2%2Fcomments&post=616"}],"version-history":[{"count":5,"href":"https:\/\/www.atkar.hu\/index.php?rest_route=\/wp\/v2\/pages\/616\/revisions"}],"predecessor-version":[{"id":1001,"href":"https:\/\/www.atkar.hu\/index.php?rest_route=\/wp\/v2\/pages\/616\/revisions\/1001"}],"up":[{"embeddable":true,"href":"https:\/\/www.atkar.hu\/index.php?rest_route=\/wp\/v2\/pages\/614"}],"wp:attachment":[{"href":"https:\/\/www.atkar.hu\/index.php?rest_route=%2Fwp%2Fv2%2Fmedia&parent=616"}],"curies":[{"name":"wp","href":"https:\/\/api.w.org\/{rel}","templated":true}]}}