{"id":620,"date":"2019-02-25T13:47:45","date_gmt":"2019-02-25T13:47:45","guid":{"rendered":"http:\/\/www.atkar.hu\/?page_id=620"},"modified":"2019-11-18T10:08:02","modified_gmt":"2019-11-18T10:08:02","slug":"orvosi-ugyelet","status":"publish","type":"page","link":"https:\/\/www.atkar.hu\/?page_id=620","title":{"rendered":"Orvosi \u00fcgyelet"},"content":{"rendered":"\n<p>3200 Gy\u00f6ngy\u00f6s, D\u00f3zsa Gy\u00f6rgy \u00fat 18.<br>Telefon: 112<br>H\u00e9tf\u0151t\u0151l p\u00e9ntekig 16.00-08.00 \u00f3r\u00e1ig k\u00e9szenl\u00e9ti, <br>h\u00e9tv\u00e9g\u00e9n \u00e9s \u00fcnnepnap 24 \u00f3r\u00e1s orvosi \u00fcgyelet\u00a0 <\/p>\n","protected":false},"excerpt":{"rendered":"<p>3200 Gy\u00f6ngy\u00f6s, D\u00f3zsa Gy\u00f6rgy \u00fat 18.Telefon: 112H\u00e9tf\u0151t\u0151l p\u00e9ntekig 16.00-08.00 \u00f3r\u00e1ig k\u00e9szenl\u00e9ti, h\u00e9tv\u00e9g\u00e9n \u00e9s \u00fcnnepnap 24 \u00f3r\u00e1s orvosi \u00fcgyelet\u00a0<\/p>\n","protected":false},"author":1,"featured_media":0,"parent":614,"menu_order":2,"comment_status":"closed","ping_status":"closed","template":"","meta":{"footnotes":""},"class_list":["post-620","page","type-page","status-publish","hentry"],"_links":{"self":[{"href":"https:\/\/www.atkar.hu\/index.php?rest_route=\/wp\/v2\/pages\/620","targetHints":{"allow":["GET"]}}],"collection":[{"href":"https:\/\/www.atkar.hu\/index.php?rest_route=\/wp\/v2\/pages"}],"about":[{"href":"https:\/\/www.atkar.hu\/index.php?rest_route=\/wp\/v2\/types\/page"}],"author":[{"embeddable":true,"href":"https:\/\/www.atkar.hu\/index.php?rest_route=\/wp\/v2\/users\/1"}],"replies":[{"embeddable":true,"href":"https:\/\/www.atkar.hu\/index.php?rest_route=%2Fwp%2Fv2%2Fcomments&post=620"}],"version-history":[{"count":2,"href":"https:\/\/www.atkar.hu\/index.php?rest_route=\/wp\/v2\/pages\/620\/revisions"}],"predecessor-version":[{"id":751,"href":"https:\/\/www.atkar.hu\/index.php?rest_route=\/wp\/v2\/pages\/620\/revisions\/751"}],"up":[{"embeddable":true,"href":"https:\/\/www.atkar.hu\/index.php?rest_route=\/wp\/v2\/pages\/614"}],"wp:attachment":[{"href":"https:\/\/www.atkar.hu\/index.php?rest_route=%2Fwp%2Fv2%2Fmedia&parent=620"}],"curies":[{"name":"wp","href":"https:\/\/api.w.org\/{rel}","templated":true}]}}