{"id":622,"date":"2019-02-25T13:48:45","date_gmt":"2019-02-25T13:48:45","guid":{"rendered":"http:\/\/www.atkar.hu\/?page_id=622"},"modified":"2024-11-05T09:15:44","modified_gmt":"2024-11-05T09:15:44","slug":"fogorvosi-rendelo","status":"publish","type":"page","link":"https:\/\/www.atkar.hu\/?page_id=622","title":{"rendered":"Fogorvosi rendel\u0151"},"content":{"rendered":"\n<p>Rendel: Dr. T\u00f3th Rita <br>3213 Atk\u00e1r, F\u0151 \u00fat 87.<br>Mobil: +36 20 290-4145<\/p>\n\n\n\n<p>Rendel\u00e9si id\u0151:<br>H\u00e9tf\u0151: 8.00-12.00<br>Cs\u00fct\u00f6rt\u00f6k: 13.00-17.00<\/p>\n","protected":false},"excerpt":{"rendered":"<p>Rendel: Dr. T\u00f3th Rita 3213 Atk\u00e1r, F\u0151 \u00fat 87.Mobil: +36 20 290-4145 Rendel\u00e9si id\u0151:H\u00e9tf\u0151: 8.00-12.00Cs\u00fct\u00f6rt\u00f6k: 13.00-17.00<\/p>\n","protected":false},"author":1,"featured_media":0,"parent":614,"menu_order":3,"comment_status":"closed","ping_status":"closed","template":"","meta":{"footnotes":""},"class_list":["post-622","page","type-page","status-publish","hentry"],"_links":{"self":[{"href":"https:\/\/www.atkar.hu\/index.php?rest_route=\/wp\/v2\/pages\/622","targetHints":{"allow":["GET"]}}],"collection":[{"href":"https:\/\/www.atkar.hu\/index.php?rest_route=\/wp\/v2\/pages"}],"about":[{"href":"https:\/\/www.atkar.hu\/index.php?rest_route=\/wp\/v2\/types\/page"}],"author":[{"embeddable":true,"href":"https:\/\/www.atkar.hu\/index.php?rest_route=\/wp\/v2\/users\/1"}],"replies":[{"embeddable":true,"href":"https:\/\/www.atkar.hu\/index.php?rest_route=%2Fwp%2Fv2%2Fcomments&post=622"}],"version-history":[{"count":3,"href":"https:\/\/www.atkar.hu\/index.php?rest_route=\/wp\/v2\/pages\/622\/revisions"}],"predecessor-version":[{"id":1009,"href":"https:\/\/www.atkar.hu\/index.php?rest_route=\/wp\/v2\/pages\/622\/revisions\/1009"}],"up":[{"embeddable":true,"href":"https:\/\/www.atkar.hu\/index.php?rest_route=\/wp\/v2\/pages\/614"}],"wp:attachment":[{"href":"https:\/\/www.atkar.hu\/index.php?rest_route=%2Fwp%2Fv2%2Fmedia&parent=622"}],"curies":[{"name":"wp","href":"https:\/\/api.w.org\/{rel}","templated":true}]}}