{"id":626,"date":"2019-02-25T13:50:33","date_gmt":"2019-02-25T13:50:33","guid":{"rendered":"http:\/\/www.atkar.hu\/?page_id=626"},"modified":"2024-11-05T09:16:23","modified_gmt":"2024-11-05T09:16:23","slug":"gyogyszertar","status":"publish","type":"page","link":"https:\/\/www.atkar.hu\/?page_id=626","title":{"rendered":"Gy\u00f3gyszert\u00e1r"},"content":{"rendered":"\n<p>3213 Atk\u00e1r, F\u0151 \u00fat 87.<br>Telefon: + 36 37&nbsp;351-043<\/p>\n\n\n\n<p>Nyitva tart\u00e1s:<br>H\u00e9tf\u0151: 15.00-17.00<br>Kedd: 08.00-12.00<br>Szerda: 12.00-14.00<br>Cs\u00fct\u00f6rt\u00f6k: 08.00-12.00<br>P\u00e9ntek: 12.00-14.00<\/p>\n","protected":false},"excerpt":{"rendered":"<p>3213 Atk\u00e1r, F\u0151 \u00fat 87.Telefon: + 36 37&nbsp;351-043 Nyitva tart\u00e1s:H\u00e9tf\u0151: 15.00-17.00Kedd: 08.00-12.00Szerda: 12.00-14.00Cs\u00fct\u00f6rt\u00f6k: 08.00-12.00P\u00e9ntek: 12.00-14.00<\/p>\n","protected":false},"author":1,"featured_media":0,"parent":614,"menu_order":5,"comment_status":"closed","ping_status":"closed","template":"","meta":{"footnotes":""},"class_list":["post-626","page","type-page","status-publish","hentry"],"_links":{"self":[{"href":"https:\/\/www.atkar.hu\/index.php?rest_route=\/wp\/v2\/pages\/626","targetHints":{"allow":["GET"]}}],"collection":[{"href":"https:\/\/www.atkar.hu\/index.php?rest_route=\/wp\/v2\/pages"}],"about":[{"href":"https:\/\/www.atkar.hu\/index.php?rest_route=\/wp\/v2\/types\/page"}],"author":[{"embeddable":true,"href":"https:\/\/www.atkar.hu\/index.php?rest_route=\/wp\/v2\/users\/1"}],"replies":[{"embeddable":true,"href":"https:\/\/www.atkar.hu\/index.php?rest_route=%2Fwp%2Fv2%2Fcomments&post=626"}],"version-history":[{"count":2,"href":"https:\/\/www.atkar.hu\/index.php?rest_route=\/wp\/v2\/pages\/626\/revisions"}],"predecessor-version":[{"id":1010,"href":"https:\/\/www.atkar.hu\/index.php?rest_route=\/wp\/v2\/pages\/626\/revisions\/1010"}],"up":[{"embeddable":true,"href":"https:\/\/www.atkar.hu\/index.php?rest_route=\/wp\/v2\/pages\/614"}],"wp:attachment":[{"href":"https:\/\/www.atkar.hu\/index.php?rest_route=%2Fwp%2Fv2%2Fmedia&parent=626"}],"curies":[{"name":"wp","href":"https:\/\/api.w.org\/{rel}","templated":true}]}}