{"id":633,"date":"2019-02-25T14:06:28","date_gmt":"2019-02-25T14:06:28","guid":{"rendered":"http:\/\/www.atkar.hu\/?page_id=633"},"modified":"2019-02-25T14:06:28","modified_gmt":"2019-02-25T14:06:28","slug":"az-atkari-arnyaskert-ovoda-gyermekeiert-alapitvany","status":"publish","type":"page","link":"https:\/\/www.atkar.hu\/?page_id=633","title":{"rendered":"Az Atk\u00e1ri \u00c1rnyaskert \u00d3voda Gyermekei\u00e9rt Alap\u00edtv\u00e1ny"},"content":{"rendered":"","protected":false},"excerpt":{"rendered":"","protected":false},"author":1,"featured_media":0,"parent":22,"menu_order":4,"comment_status":"closed","ping_status":"closed","template":"","meta":{"footnotes":""},"class_list":["post-633","page","type-page","status-publish","hentry"],"_links":{"self":[{"href":"https:\/\/www.atkar.hu\/index.php?rest_route=\/wp\/v2\/pages\/633","targetHints":{"allow":["GET"]}}],"collection":[{"href":"https:\/\/www.atkar.hu\/index.php?rest_route=\/wp\/v2\/pages"}],"about":[{"href":"https:\/\/www.atkar.hu\/index.php?rest_route=\/wp\/v2\/types\/page"}],"author":[{"embeddable":true,"href":"https:\/\/www.atkar.hu\/index.php?rest_route=\/wp\/v2\/users\/1"}],"replies":[{"embeddable":true,"href":"https:\/\/www.atkar.hu\/index.php?rest_route=%2Fwp%2Fv2%2Fcomments&post=633"}],"version-history":[{"count":1,"href":"https:\/\/www.atkar.hu\/index.php?rest_route=\/wp\/v2\/pages\/633\/revisions"}],"predecessor-version":[{"id":634,"href":"https:\/\/www.atkar.hu\/index.php?rest_route=\/wp\/v2\/pages\/633\/revisions\/634"}],"up":[{"embeddable":true,"href":"https:\/\/www.atkar.hu\/index.php?rest_route=\/wp\/v2\/pages\/22"}],"wp:attachment":[{"href":"https:\/\/www.atkar.hu\/index.php?rest_route=%2Fwp%2Fv2%2Fmedia&parent=633"}],"curies":[{"name":"wp","href":"https:\/\/api.w.org\/{rel}","templated":true}]}}