{"id":651,"date":"2019-03-12T08:40:05","date_gmt":"2019-03-12T08:40:05","guid":{"rendered":"http:\/\/www.atkar.hu\/?page_id=651"},"modified":"2019-03-12T08:41:13","modified_gmt":"2019-03-12T08:41:13","slug":"onkormanyzati-rendeletek","status":"publish","type":"page","link":"https:\/\/www.atkar.hu\/?page_id=651","title":{"rendered":"\u00d6nkorm\u00e1nyzati rendeletek"},"content":{"rendered":"\n<p>Atk\u00e1r K\u00f6zs\u00e9gi \u00d6nkorm\u00e1nyzat rendeletei el\u00e9rhet\u0151k az <a href=\"http:\/\/www.njt.hu\">www.njt.hu<\/a> oldalon.<\/p>\n","protected":false},"excerpt":{"rendered":"<p>Atk\u00e1r K\u00f6zs\u00e9gi \u00d6nkorm\u00e1nyzat rendeletei el\u00e9rhet\u0151k az www.njt.hu oldalon.<\/p>\n","protected":false},"author":1,"featured_media":0,"parent":18,"menu_order":3,"comment_status":"closed","ping_status":"closed","template":"","meta":{"footnotes":""},"class_list":["post-651","page","type-page","status-publish","hentry"],"_links":{"self":[{"href":"https:\/\/www.atkar.hu\/index.php?rest_route=\/wp\/v2\/pages\/651","targetHints":{"allow":["GET"]}}],"collection":[{"href":"https:\/\/www.atkar.hu\/index.php?rest_route=\/wp\/v2\/pages"}],"about":[{"href":"https:\/\/www.atkar.hu\/index.php?rest_route=\/wp\/v2\/types\/page"}],"author":[{"embeddable":true,"href":"https:\/\/www.atkar.hu\/index.php?rest_route=\/wp\/v2\/users\/1"}],"replies":[{"embeddable":true,"href":"https:\/\/www.atkar.hu\/index.php?rest_route=%2Fwp%2Fv2%2Fcomments&post=651"}],"version-history":[{"count":1,"href":"https:\/\/www.atkar.hu\/index.php?rest_route=\/wp\/v2\/pages\/651\/revisions"}],"predecessor-version":[{"id":652,"href":"https:\/\/www.atkar.hu\/index.php?rest_route=\/wp\/v2\/pages\/651\/revisions\/652"}],"up":[{"embeddable":true,"href":"https:\/\/www.atkar.hu\/index.php?rest_route=\/wp\/v2\/pages\/18"}],"wp:attachment":[{"href":"https:\/\/www.atkar.hu\/index.php?rest_route=%2Fwp%2Fv2%2Fmedia&parent=651"}],"curies":[{"name":"wp","href":"https:\/\/api.w.org\/{rel}","templated":true}]}}