{"id":653,"date":"2019-03-12T08:43:05","date_gmt":"2019-03-12T08:43:05","guid":{"rendered":"http:\/\/www.atkar.hu\/?page_id=653"},"modified":"2019-03-12T08:43:05","modified_gmt":"2019-03-12T08:43:05","slug":"atkari-telepulesfejlesztesi-es-gondozasi-nonprofit-kft","status":"publish","type":"page","link":"https:\/\/www.atkar.hu\/?page_id=653","title":{"rendered":"ATK\u00c1RI TELEP\u00dcL\u00c9SFEJLESZT\u00c9SI \u00c9S GONDOZ\u00c1SI NONPROFIT KFT."},"content":{"rendered":"\n<p>Sz\u00e9khely: 3213 Atk\u00e1r, F\u0151 \u00fat 70.<br>Ad\u00f3sz\u00e1m:&nbsp; 21117187-2-10.<br>Statisztikai sz\u00e1mjel: 21117187-3700-572-10.<br>C\u00e9gjegyz\u00e9ksz\u00e1m: 10-09-029690<\/p>\n\n\n\n<p><strong>\u00dcgyvezet\u0151:<\/strong>&nbsp;Erd\u00e9lyi L\u00e1szl\u00f3<br>Jogiszony\u00e1nak jellege: megb\u00edz\u00e1s (d\u00edjaz\u00e1sban nem r\u00e9szes\u00fcl, jogviszony\u00e1nak megsz\u0171n\u00e9se eset\u00e9n juttat\u00e1sra nem jogosult)<\/p>\n\n\n\n<p><strong>Fel\u00fcgyel\u0151bizotts\u00e1gi tagok<\/strong><br>(jogiszonyuk jellege: megb\u00edz\u00e1s):<br>Pat\u00f3cs Attila<br>Benein\u00e9 S\u0151regi \u00c1gnes<br>F\u00fcl\u00f6pn\u00e9 Erd\u00e9lyi M\u00e1ria<br>D\u00edjaz\u00e1sban nem r\u00e9szes\u00fclnek, jogviszonyuk megsz\u0171n\u00e9se eset\u00e9n juttat\u00e1sra nem jogosultak<\/p>\n\n\n\n<p><strong>K\u00f6nyvvizsg\u00e1l\u00f3:<\/strong><br>Fekete Iv\u00e1n<br>(d\u00edjaz\u00e1sban nem r\u00e9szes\u00fcl, jogviszony\u00e1nak megsz\u0171n\u00e9se eset\u00e9n juttat\u00e1sra nem jogosult)<\/p>\n\n\n\n<p><strong>El\u00e9rhet\u0151s\u00e9g:<\/strong><br>+36 37 351 021<br>e-mail:&nbsp;<a href=\"mailto:ph@atkar.hu\">ph@atkar.hu<\/a><\/p>\n","protected":false},"excerpt":{"rendered":"<p>Sz\u00e9khely: 3213 Atk\u00e1r, F\u0151 \u00fat 70.Ad\u00f3sz\u00e1m:&nbsp; 21117187-2-10.Statisztikai sz\u00e1mjel: 21117187-3700-572-10.C\u00e9gjegyz\u00e9ksz\u00e1m: 10-09-029690 \u00dcgyvezet\u0151:&nbsp;Erd\u00e9lyi L\u00e1szl\u00f3Jogiszony\u00e1nak jellege: megb\u00edz\u00e1s (d\u00edjaz\u00e1sban nem r\u00e9szes\u00fcl, jogviszony\u00e1nak megsz\u0171n\u00e9se eset\u00e9n juttat\u00e1sra nem jogosult) Fel\u00fcgyel\u0151bizotts\u00e1gi tagok(jogiszonyuk jellege: megb\u00edz\u00e1s):Pat\u00f3cs AttilaBenein\u00e9 S\u0151regi \u00c1gnesF\u00fcl\u00f6pn\u00e9 Erd\u00e9lyi M\u00e1riaD\u00edjaz\u00e1sban nem r\u00e9szes\u00fclnek, jogviszonyuk megsz\u0171n\u00e9se eset\u00e9n juttat\u00e1sra nem jogosultak K\u00f6nyvvizsg\u00e1l\u00f3:Fekete Iv\u00e1n(d\u00edjaz\u00e1sban nem r\u00e9szes\u00fcl, jogviszony\u00e1nak megsz\u0171n\u00e9se eset\u00e9n juttat\u00e1sra nem jogosult) El\u00e9rhet\u0151s\u00e9g:+36 37 351 021e-mail:&nbsp;ph@atkar.hu<\/p>\n","protected":false},"author":1,"featured_media":0,"parent":20,"menu_order":5,"comment_status":"closed","ping_status":"closed","template":"","meta":{"footnotes":""},"class_list":["post-653","page","type-page","status-publish","hentry"],"_links":{"self":[{"href":"https:\/\/www.atkar.hu\/index.php?rest_route=\/wp\/v2\/pages\/653","targetHints":{"allow":["GET"]}}],"collection":[{"href":"https:\/\/www.atkar.hu\/index.php?rest_route=\/wp\/v2\/pages"}],"about":[{"href":"https:\/\/www.atkar.hu\/index.php?rest_route=\/wp\/v2\/types\/page"}],"author":[{"embeddable":true,"href":"https:\/\/www.atkar.hu\/index.php?rest_route=\/wp\/v2\/users\/1"}],"replies":[{"embeddable":true,"href":"https:\/\/www.atkar.hu\/index.php?rest_route=%2Fwp%2Fv2%2Fcomments&post=653"}],"version-history":[{"count":1,"href":"https:\/\/www.atkar.hu\/index.php?rest_route=\/wp\/v2\/pages\/653\/revisions"}],"predecessor-version":[{"id":654,"href":"https:\/\/www.atkar.hu\/index.php?rest_route=\/wp\/v2\/pages\/653\/revisions\/654"}],"up":[{"embeddable":true,"href":"https:\/\/www.atkar.hu\/index.php?rest_route=\/wp\/v2\/pages\/20"}],"wp:attachment":[{"href":"https:\/\/www.atkar.hu\/index.php?rest_route=%2Fwp%2Fv2%2Fmedia&parent=653"}],"curies":[{"name":"wp","href":"https:\/\/api.w.org\/{rel}","templated":true}]}}