{"id":662,"date":"2019-03-27T12:33:25","date_gmt":"2019-03-27T12:33:25","guid":{"rendered":"http:\/\/www.atkar.hu\/?page_id=662"},"modified":"2019-09-02T12:44:43","modified_gmt":"2019-09-02T12:44:43","slug":"helyi-epitesi-szabalyzat","status":"publish","type":"page","link":"https:\/\/www.atkar.hu\/?page_id=662","title":{"rendered":"Atk\u00e1r k\u00f6zs\u00e9g telep\u00fcl\u00e9srendez\u00e9si terve"},"content":{"rendered":"\n<div class=\"wp-block-file\"><a href=\"http:\/\/www.atkar.hu\/wp-content\/uploads\/1-tszt-al\u00e1t\u00e1maszt\u00f3.pdf\">1 tszt al\u00e1t\u00e1maszt\u00f3<\/a><a href=\"http:\/\/www.atkar.hu\/wp-content\/uploads\/1-tszt-al\u00e1t\u00e1maszt\u00f3.pdf\" class=\"wp-block-file__button\" download>Let\u00f6lt\u00e9s<\/a><\/div>\n\n\n\n<div class=\"wp-block-file\"><a href=\"http:\/\/www.atkar.hu\/wp-content\/uploads\/2-tszt-hat\u00e1rozat.pdf\">2 tszt hat\u00e1rozat<\/a><a href=\"http:\/\/www.atkar.hu\/wp-content\/uploads\/2-tszt-hat\u00e1rozat.pdf\" class=\"wp-block-file__button\" download>Let\u00f6lt\u00e9s<\/a><\/div>\n\n\n\n<div class=\"wp-block-file\"><a href=\"http:\/\/www.atkar.hu\/wp-content\/uploads\/3-h\u00e9sz-szt-rendelet.pdf\">3 h\u00e9sz szt rendelet<\/a><a href=\"http:\/\/www.atkar.hu\/wp-content\/uploads\/3-h\u00e9sz-szt-rendelet.pdf\" class=\"wp-block-file__button\" download>Let\u00f6lt\u00e9s<\/a><\/div>\n\n\n\n<div class=\"wp-block-file\"><a href=\"http:\/\/www.atkar.hu\/wp-content\/uploads\/4-\u00f6r\u00f6ks\u00e9gv\u00e9delmi-hat.tan_.pdf\">4 \u00f6r\u00f6ks\u00e9gv\u00e9delmi hat.tan<\/a><a href=\"http:\/\/www.atkar.hu\/wp-content\/uploads\/4-\u00f6r\u00f6ks\u00e9gv\u00e9delmi-hat.tan_.pdf\" class=\"wp-block-file__button\" download>Let\u00f6lt\u00e9s<\/a><\/div>\n\n\n\n<div class=\"wp-block-file\"><a href=\"http:\/\/www.atkar.hu\/wp-content\/uploads\/5-k\u00f6rnyezeti-vizsg\u00e1lat.pdf\">5 k\u00f6rnyezeti vizsg\u00e1lat<\/a><a href=\"http:\/\/www.atkar.hu\/wp-content\/uploads\/5-k\u00f6rnyezeti-vizsg\u00e1lat.pdf\" class=\"wp-block-file__button\" download>Let\u00f6lt\u00e9s<\/a><\/div>\n\n\n\n<div class=\"wp-block-file\"><a href=\"http:\/\/www.atkar.hu\/wp-content\/uploads\/A-szab\u00e1lyoz\u00e1si-terv-belter\u00fclet-1.jpg\">A &#8211; szab\u00e1lyoz\u00e1si terv &#8211; belter\u00fclet<\/a><a href=\"http:\/\/www.atkar.hu\/wp-content\/uploads\/A-szab\u00e1lyoz\u00e1si-terv-belter\u00fclet-1.jpg\" class=\"wp-block-file__button\" download>Let\u00f6lt\u00e9s<\/a><\/div>\n\n\n\n<div class=\"wp-block-file\"><a href=\"http:\/\/www.atkar.hu\/wp-content\/uploads\/Atk\u00e1r-telep\u00fcl\u00e9s-szerkezeti-terv-H\u00c9SZ-szab\u00e1lyoz\u00e1si-terv-m\u00f3dost\u00edt\u00e1sa-1.pdf\">Atk\u00e1r telep\u00fcl\u00e9s-szerkezeti terv &#8211; H\u00c9SZ szab\u00e1lyoz\u00e1si terv m\u00f3dost\u00edt\u00e1sa<\/a><a href=\"http:\/\/www.atkar.hu\/wp-content\/uploads\/Atk\u00e1r-telep\u00fcl\u00e9s-szerkezeti-terv-H\u00c9SZ-szab\u00e1lyoz\u00e1si-terv-m\u00f3dost\u00edt\u00e1sa-1.pdf\" class=\"wp-block-file__button\" download>Let\u00f6lt\u00e9s<\/a><\/div>\n\n\n\n<div class=\"wp-block-file\"><a href=\"http:\/\/www.atkar.hu\/wp-content\/uploads\/Rendez\u00e9si-terv-v\u00e9gs\u0151-1.pdf\">Rendez\u00e9si terv -v\u00e9gs\u0151<\/a><a href=\"http:\/\/www.atkar.hu\/wp-content\/uploads\/Rendez\u00e9si-terv-v\u00e9gs\u0151-1.pdf\" class=\"wp-block-file__button\" download>Let\u00f6lt\u00e9s<\/a><\/div>\n\n\n\n<div class=\"wp-block-file\"><a href=\"http:\/\/www.atkar.hu\/wp-content\/uploads\/Szerkezeti-tervlap-1.jpg\">Szerkezeti tervlap<\/a><a href=\"http:\/\/www.atkar.hu\/wp-content\/uploads\/Szerkezeti-tervlap-1.jpg\" class=\"wp-block-file__button\" download>Let\u00f6lt\u00e9s<\/a><\/div>\n","protected":false},"excerpt":{"rendered":"","protected":false},"author":1,"featured_media":0,"parent":18,"menu_order":4,"comment_status":"closed","ping_status":"closed","template":"","meta":{"footnotes":""},"class_list":["post-662","page","type-page","status-publish","hentry"],"_links":{"self":[{"href":"https:\/\/www.atkar.hu\/index.php?rest_route=\/wp\/v2\/pages\/662","targetHints":{"allow":["GET"]}}],"collection":[{"href":"https:\/\/www.atkar.hu\/index.php?rest_route=\/wp\/v2\/pages"}],"about":[{"href":"https:\/\/www.atkar.hu\/index.php?rest_route=\/wp\/v2\/types\/page"}],"author":[{"embeddable":true,"href":"https:\/\/www.atkar.hu\/index.php?rest_route=\/wp\/v2\/users\/1"}],"replies":[{"embeddable":true,"href":"https:\/\/www.atkar.hu\/index.php?rest_route=%2Fwp%2Fv2%2Fcomments&post=662"}],"version-history":[{"count":5,"href":"https:\/\/www.atkar.hu\/index.php?rest_route=\/wp\/v2\/pages\/662\/revisions"}],"predecessor-version":[{"id":708,"href":"https:\/\/www.atkar.hu\/index.php?rest_route=\/wp\/v2\/pages\/662\/revisions\/708"}],"up":[{"embeddable":true,"href":"https:\/\/www.atkar.hu\/index.php?rest_route=\/wp\/v2\/pages\/18"}],"wp:attachment":[{"href":"https:\/\/www.atkar.hu\/index.php?rest_route=%2Fwp%2Fv2%2Fmedia&parent=662"}],"curies":[{"name":"wp","href":"https:\/\/api.w.org\/{rel}","templated":true}]}}