{"id":747,"date":"2019-11-18T09:54:32","date_gmt":"2019-11-18T09:54:32","guid":{"rendered":"http:\/\/www.atkar.hu\/?page_id=747"},"modified":"2026-04-21T09:13:08","modified_gmt":"2026-04-21T09:13:08","slug":"palyazatok","status":"publish","type":"page","link":"https:\/\/www.atkar.hu\/?page_id=747","title":{"rendered":"P\u00e1ly\u00e1zatok"},"content":{"rendered":"\n<p><a href=\"https:\/\/hatvanonline.hu\/hir\/Szilard_utburkolatot_kapott_a_Matra_utca_Atkaron\/0\/7\/27032\">https:\/\/hatvanonline.hu\/hir\/Szilard_utburkolatot_kapott_a_Matra_utca_Atkaron\/0\/7\/27032<\/a><\/p>\n\n\n\n<p><a href=\"https:\/\/versenykepesjarasok.hu\">https:\/\/versenykepesjarasok.hu<\/a><\/p>\n\n\n\n<div data-wp-interactive=\"core\/file\" class=\"wp-block-file\"><object data-wp-bind--hidden=\"!state.hasPdfPreview\" hidden class=\"wp-block-file__embed\" data=\"https:\/\/www.atkar.hu\/wp-content\/uploads\/VJP_kozlemeny.pdf\" type=\"application\/pdf\" style=\"width:100%;height:600px\" aria-label=\"VJP_k\u00f6zlem\u00e9ny be\u00e1gyaz\u00e1sa\"><\/object><a id=\"wp-block-file--media-c55c095d-1cb7-4af0-91cb-e1e55111db26\" href=\"https:\/\/www.atkar.hu\/wp-content\/uploads\/VJP_kozlemeny.pdf\">VJP_k\u00f6zlem\u00e9ny<\/a><a href=\"https:\/\/www.atkar.hu\/wp-content\/uploads\/VJP_kozlemeny.pdf\" class=\"wp-block-file__button wp-element-button\" download aria-describedby=\"wp-block-file--media-c55c095d-1cb7-4af0-91cb-e1e55111db26\">Let\u00f6lt\u00e9s<\/a><\/div>\n\n\n\n<div data-wp-interactive=\"core\/file\" class=\"wp-block-file\"><object data-wp-bind--hidden=\"!state.hasPdfPreview\" hidden class=\"wp-block-file__embed\" data=\"https:\/\/www.atkar.hu\/wp-content\/uploads\/tajekoztato.pdf\" type=\"application\/pdf\" style=\"width:100%;height:600px\" aria-label=\"tajekoztato be\u00e1gyaz\u00e1sa\"><\/object><a id=\"wp-block-file--media-4c4b2821-c120-4e51-8e98-c111eccf44f7\" href=\"https:\/\/www.atkar.hu\/wp-content\/uploads\/tajekoztato.pdf\">tajekoztato<\/a><a href=\"https:\/\/www.atkar.hu\/wp-content\/uploads\/tajekoztato.pdf\" class=\"wp-block-file__button wp-element-button\" download aria-describedby=\"wp-block-file--media-4c4b2821-c120-4e51-8e98-c111eccf44f7\">Let\u00f6lt\u00e9s<\/a><\/div>\n\n\n\n<div data-wp-interactive=\"core\/file\" class=\"wp-block-file\"><object data-wp-bind--hidden=\"!state.hasPdfPreview\" hidden class=\"wp-block-file__embed\" data=\"https:\/\/www.atkar.hu\/wp-content\/uploads\/MFP_ut_osszefoglalo_Atkar_2025.pdf\" type=\"application\/pdf\" style=\"width:100%;height:600px\" aria-label=\"MFP_\u00fat_\u00f6sszefoglal\u00f3_Atk\u00e1r_2025 be\u00e1gyaz\u00e1sa\"><\/object><a id=\"wp-block-file--media-513501f6-ccf1-47b8-822c-ca28c2782ca6\" href=\"https:\/\/www.atkar.hu\/wp-content\/uploads\/MFP_ut_osszefoglalo_Atkar_2025.pdf\">MFP_\u00fat_\u00f6sszefoglal\u00f3_Atk\u00e1r_2025<\/a><a href=\"https:\/\/www.atkar.hu\/wp-content\/uploads\/MFP_ut_osszefoglalo_Atkar_2025.pdf\" class=\"wp-block-file__button wp-element-button\" download aria-describedby=\"wp-block-file--media-513501f6-ccf1-47b8-822c-ca28c2782ca6\">Let\u00f6lt\u00e9s<\/a><\/div>\n\n\n\n<h2 class=\"wp-block-heading\">CSAPAD\u00c9KV\u00cdZ ELVEZET\u0150 H\u00c1L\u00d3ZAT KIALAK\u00cdT\u00c1SA ATK\u00c1R K\u00d6ZS\u00c9GBEN<\/h2>\n\n\n\n<p><strong>T\u00e1mogat\u00e1si szerz\u0151d\u00e9s sz\u00e1ma: <\/strong>TOP_PLUSZ-1.2.1-21-HE1-2022-00081<strong><br>Kedvezm\u00e9nyezett:<\/strong> Atk\u00e1r K\u00f6zs\u00e9g \u00d6nkorm\u00e1nyzata<strong><br>Kezd\u0151 id\u0151pont: <\/strong>2022.12.16.<strong><br>Fizikai befejez\u00e9s: <\/strong>2025.10.31.<strong><br>T\u00e1mogat\u00e1si \u00f6sszeg: <\/strong>69.991.975 Ft<strong><br>T\u00e1mogat\u00e1s intenzit\u00e1sa: <\/strong>100 %<\/p>\n\n\n\n<p>Atk\u00e1r K\u00f6zs\u00e9gi \u00d6nkorm\u00e1nyzata \u00e9vek \u00f3ta nagy hangs\u00falyt fektet a telep\u00fcl\u00e9s csapad\u00e9kv\u00edz elvezet\u0151 h\u00e1l\u00f3zata m\u0171k\u00f6d\u0151k\u00e9pess\u00e9g\u00e9nek fenntart\u00e1s\u00e1ra. lehet\u0151s\u00e9geihez k\u00e9pest ezen c\u00e9l el\u00e9r\u00e9se \u00e9rdek\u00e9ben az elm\u00falt \u00e9vekben a telep\u00fcl\u00e9s t\u00f6bb ter\u00fclet\u00e9n ki\u00e9p\u00edtette, ill. fel\u00faj\u00edtotta a megl\u00e9v\u0151 csapad\u00e9kv\u00edz elvezet\u0151, t\u00f6bbnyire ny\u00edlt \u00e1rkokb\u00f3l \u00e1ll\u00f3 h\u00e1l\u00f3zat\u00e1t. A fejleszt\u00e9si elk\u00e9pzel\u00e9sek k\u00f6vetkez\u0151 l\u00e9p\u00e9sek\u00e9nt jelen p\u00e1ly\u00e1zat keretein bel\u00fcl a telep\u00fcl\u00e9s k\u00e9t utc\u00e1j\u00e1ban jelentkez\u0151 belv\u00edzprobl\u00e9m\u00e1k megold\u00e1sa \u00e9rdek\u00e9ben k\u00edv\u00e1n az \u00d6nkorm\u00e1nyzat p\u00e1ly\u00e1zatot beny\u00fajtani. A telep\u00fcl\u00e9s csapad\u00e9kvizeit a belter\u00fclet nagy r\u00e9sz\u00e9n az utak menti, t\u00f6bbnyire f\u00f6ldmedr\u0171 ny\u00edlt \u00e1rkok vezetik el. A megl\u00e9v\u0151 ny\u00edlt v\u00edzelvezet\u0151 \u00e1rkokr\u00f3l nagy \u00e1ltal\u00e1noss\u00e1gban kijelenthet\u0151, hogy \u00e1llaguk miatt nem k\u00e9pesek a keletkez\u0151 csapad\u00e9kok k\u00e1rt\u00e9tel n\u00e9lk\u00fcli elvezet\u00e9s\u00e9re. Nagy r\u00e9szben a burkolatlan \u00e1rkok medr\u00e9nek min\u0151s\u00e9ge nem megfelel\u0151, sok helyen a kapubej\u00e1r\u00f3k, \u00e1tereszek teljes keresztmetszet\u00fckben felt\u00f6lt\u0151dtek. A kapubej\u00e1r\u00f3k alatti \u00e1tereszek jelent\u0151s h\u00e1nyada beomlott, elt\u00f6m\u0151d\u00f6tt, a pofafalak t\u00f6r\u00f6ttek, repedezettek. Az \u00d6nkorm\u00e1nyzatok sz\u00e1m\u00e1ra jogszab\u00e1lyi k\u00f6telezetts\u00e9g is el\u0151\u00edrja a megfelel\u0151 csapad\u00e9kv\u00edz elvezet\u00e9s biztos\u00edt\u00e1s\u00e1t, a csapad\u00e9kv\u00edz, belv\u00edz \u00e9s az \u00e1rv\u00edz okozta k\u00e1rok m\u00e9rs\u00e9kl\u00e9s\u00e9t. Ennek egyik jelent\u0151s l\u00e9p\u00e9se a lakoss\u00e1gi ig\u00e9nyekre t\u00e1maszkod\u00f3 felsz\u00edni v\u00edzelvezet\u00e9si beruh\u00e1z\u00e1saik megval\u00f3s\u00edt\u00e1sa. A tervez\u00e9si ter\u00fclet &#8211; mely a J\u00f3kai M\u00f3r \u00e9s M\u00e1tra utc\u00e1k ter\u00fclet\u00e9t fedi le &#8211; egy jelenleg lefoly\u00e1stalan r\u00e9sze a telep\u00fcl\u00e9snek. Nagyobb intenzit\u00e1s\u00fa z\u00e1porok eset\u00e9n az \u00e1rkok nem k\u00e9pesek elszikkasztani a vizeket, \u00edgy azok kil\u00e9pnek az \u00e1rkokb\u00f3l \u00e9s a ter\u00fcleten el\u00f6nt\u00e9seket, v\u00edz\u00e1ll\u00e1sokat okoznak. A belter\u00fcleti v\u00edzelvezet\u0151 rendszer hossz\u00fa t\u00e1v\u00fa megb\u00edzhat\u00f3 \u00e9s hat\u00e9kony m\u0171k\u00f6d\u00e9se \u00e9s a belv\u00edz okozta k\u00e1rok m\u00e9rs\u00e9kl\u00e9se csak a megl\u00e9v\u0151 csapad\u00e9kv\u00edz elvezet\u0151 h\u00e1l\u00f3zat fejleszt\u00e9s\u00e9vel, \u00e1t\u00e9p\u00edt\u00e9s\u00e9vel biztos\u00edthat\u00f3. A tervez\u00e9si ter\u00fclet z\u00e1rt sor\u00fa csal\u00e1di h\u00e1zas be\u00e9p\u00edt\u00e9s\u0171, falusias k\u00f6rnyezet, burkolt \u00fatfel\u00fcletekkel.<br>A tervezett l\u00e9tes\u00edtm\u00e9nyek k\u00f6vetik a megl\u00e9v\u0151 csapad\u00e9kv\u00edz elvezet\u0151 h\u00e1l\u00f3zatok vonalvezet\u00e9s\u00e9t, \u00faj ter\u00fclet a megl\u00e9v\u0151 500\/1, 662, 94, 1129 hrsz-\u00fa ter\u00fcletek mellett nem ker\u00fcl bevon\u00e1sra. A magass\u00e1gi vonalvezet\u00e9s kialak\u00edt\u00e1s\u00e1n\u00e1l azt az elvet kell k\u00f6vetni, hogy az \u00e1rkok ne foglaljanak el nagy helyet, ez\u00e9rt az \u00e1rokfen\u00e9k es\u00e9se k\u00f6vesse a terep es\u00e9s\u00e9t, s \u00edgy egyenletes \u00e1rok m\u00e9lys\u00e9g \u00e9s sz\u00e9less\u00e9g alak\u00edthat\u00f3 ki. A tervez\u00e9ssel \u00e9rintett egyik ter\u00fclet, A J\u00f3kai M\u00f3r utca a telep\u00fcl\u00e9s \u00e9szak-keleti r\u00e9sz\u00e9n helyezkedik el. A megl\u00e9v\u0151 csapad\u00e9kv\u00edz elvezet\u0151 \u00e9s szikkaszt\u00f3 h\u00e1l\u00f3zat a M\u00e1jus 1 \u00fati megl\u00e9v\u0151 csapad\u00e9kv\u00edz elvezet\u0151 h\u00e1l\u00f3zathoz csatlakozik. Az utca nyugati oldali \u00fat\u00e1rka megfelel\u0151en m\u0171k\u00f6dik, beavatkoz\u00e1sra csak a keleti oldali \u00e1rok szorul. A ny\u00edlt \u00e1rok mederrendez\u00e9se mellett a megl\u00e9v\u0151 kapubej\u00e1r\u00f3k O40 cm belm\u00e9ret\u0171 talpas betoncs\u00f6vekb\u0151l ker\u00fclnek \u00e1t\u00e9p\u00edt\u00e9sre.<br>A M\u00e1tra utcai m\u00e1sik tervez\u00e9si ter\u00fcleten jelenleg nincs ki\u00e9p\u00edtett csapad\u00e9kv\u00edz elvezet\u0151 h\u00e1l\u00f3zat. A tervezett ny\u00edlt \u00e1rok az utca keleti oldal\u00e1ra ker\u00fclt kijel\u00f6l\u00e9sre a ter\u00fcletet d\u00e9lr\u0151l hat\u00e1rol\u00f3 Nagy \u00fati h\u00e1l\u00f3zathoz t\u00f6rt\u00e9n\u0151 csatlakoz\u00e1ssal. A ny\u00edlt \u00e1rok kialak\u00edt\u00e1sa mellett az ingatlanokhoz t\u00f6rt\u00e9n\u0151 bejut\u00e1s biztos\u00edt\u00e1sa c\u00e9lj\u00e1b\u00f3l \u00e1tlag 5,0 m hossz\u00fa kapubej\u00e1r\u00f3k \u00e9p\u00fclnek O40 cm belm\u00e9ret\u0171 talpas betoncs\u00f6vekb\u0151l.<\/p>\n\n\n\n<p><\/p>\n\n\n\n<h2 class=\"wp-block-heading\"><strong>Energetikai korszer\u0171s\u00edt\u00e9s Atk\u00e1ron<\/strong><\/h2>\n\n\n\n<p>A fejleszt\u00e9s sor\u00e1n 1 \u00e9p\u00fclet energetikai fel\u00faj\u00edt\u00e1s\u00e1t tervezz\u00fck, mely az Egressy G\u00e1bor M\u0171vel\u0151d\u00e9si H\u00e1z \u00e9s K\u00f6nyvt\u00e1r \u00e9p\u00fclete.<\/p>\n\n\n\n<p>A k\u00f6vetkez\u0151 energiahat\u00e9konys\u00e1got szolg\u00e1l\u00f3 fejleszt\u00e9sek t\u00f6rt\u00e9nnek:<\/p>\n\n\n\n<p>-\u00e9p\u00edt\u00e9szeti korszer\u0171s\u00edt\u00e9s (k\u00fcls\u0151 hat\u00e1rol\u00f3 fel\u00fcletek ut\u00f3lagos h\u0151szigetel\u00e9se homlokzati h\u0151szigetel\u00e9s, z\u00e1r\u00f3f\u00f6d\u00e9m h\u0151szigetel\u00e9se \u00e9s l\u00e1bazat h\u0151szigetel\u00e9se, valamint ny\u00edl\u00e1sz\u00e1r\u00f3csere);<\/p>\n\n\n\n<p>-g\u00e9p\u00e9szeti korszer\u0171s\u00edt\u00e9s (\u00faj f\u0171t\u00e9si rendszer ki\u00e9p\u00edt\u00e9se: \u00faj kondenz\u00e1ci\u00f3s g\u00e1zkaz\u00e1n elhelyez\u00e9se, h\u0151lead\u00f3k cser\u00e9je \u00faj korszer\u0171, termosztatikus szelepekkel ell\u00e1tott ac\u00e9llemezes radi\u00e1torokra); meg\u00fajul\u00f3 energiaforr\u00e1s haszn\u00e1lata: maximum h\u00e1ztart\u00e1si m\u00e9ret\u0171 kiser\u0151m\u0171 (HMKE) fotovillamos rendszer kialak\u00edt\u00e1sa saj\u00e1t villamosenergia ig\u00e9ny kiel\u00e9g\u00edt\u00e9se c\u00e9lj\u00e1b\u00f3l, illetve napelemes rendszer ki\u00e9p\u00edt\u00e9se.<\/p>\n\n\n\n<p>A fent eml\u00edtett \u00e9p\u00fclet korszer\u0171s\u00edt\u00e9se a k\u00e9s\u0151bbi gazdas\u00e1gos haszn\u00e1lhat\u00f3s\u00e1ga \u00e9rdek\u00e9ben er\u0151sen<\/p>\n\n\n\n<p>aj\u00e1nlott. A korszer\u0171s\u00edt\u0151, helyre \u00e1ll\u00edt\u00f3 munk\u00e1latok hat\u00e1s\u00e1ra egy teljes eg\u00e9sz\u00e9ben a kor sz\u00ednvonal\u00e1nak megfelel\u0151 \u00e9p\u00fclet j\u00f6het l\u00e9tre.<\/p>\n\n\n\n<p>Az eml\u00edtett l\u00e9tes\u00edtm\u00e9ny energetikai szempontb\u00f3l elavult, nem felel meg a jelenleg hat\u00e1lyos szabv\u00e1nyoknak \u00e9s elv\u00e1r\u00e1soknak, fenntart\u00e1sa pedig t\u00f6bbletk\u00f6lts\u00e9get jelent egy korszer\u0171 \u00e9p\u00fclet fenntart\u00e1s\u00e1hoz k\u00e9pest.<\/p>\n\n\n\n<p>Az ut\u00f3lagos h\u0151szigetel\u00e9s, valamint a ny\u00edl\u00e1sz\u00e1r\u00f3k cser\u00e9je korszer\u0171 h\u0151szigetel\u0151 k\u00e9pess\u00e9g\u0171 ny\u00edl\u00e1sz\u00e1r\u00f3kra cs\u00f6kkentik az \u00e9p\u00fclet h\u0151vesztes\u00e9g\u00e9t, ez\u00e1ltal f\u0171t\u00e9si szezonban jelent\u0151sen hozz\u00e1j\u00e1rulnak az energiafelhaszn\u00e1l\u00e1s hat\u00e9konys\u00e1g\u00e1nak jav\u00edt\u00e1s\u00e1hoz \u00e9s nagym\u00e9rt\u00e9k\u0171 energia \u00e9s k\u00f6lts\u00e9gmegtakar\u00edt\u00e1st is eredm\u00e9nyeznek. A hat\u00e9konyabb energiafelhaszn\u00e1l\u00e1s \u00e9s a meg\u00fajul\u00f3 energiaforr\u00e1s haszn\u00e1lata r\u00e9v\u00e9n cs\u00f6kken a f\u0171t\u00e9shez sz\u00fcks\u00e9ges energia megtermel\u00e9se miatt l\u00e9trej\u00f6tt sz\u00e9ndioxid kibocs\u00e1t\u00e1s sz\u00e9ndioxid kibocs\u00e1t\u00e1s<\/p>\n\n\n\n<p>A projekt tervezett befejez\u00e9se 2021.07.31.<\/p>\n\n\n\n<p>T\u00e1mogat\u00e1si \u00f6sszeg: 65 024 990 Ft<\/p>\n\n\n\n<p>T\u00e1mogat\u00e1s intenzit\u00e1sa: 100 %<\/p>\n\n\n\n<p><strong>A projekt azonos\u00edt\u00f3sz\u00e1ma: TOP-3.2.1-16-HE1-2017-00009<\/strong><\/p>\n\n\n\n<p><\/p>\n\n\n\n<figure class=\"wp-block-image\"><img loading=\"lazy\" decoding=\"async\" width=\"956\" height=\"1024\" src=\"http:\/\/www.atkar.hu\/wp-content\/uploads\/MFP_logo_RGB-1-956x1024.jpg\" alt=\"\" class=\"wp-image-748\" srcset=\"https:\/\/www.atkar.hu\/wp-content\/uploads\/MFP_logo_RGB-1-956x1024.jpg 956w, https:\/\/www.atkar.hu\/wp-content\/uploads\/MFP_logo_RGB-1-280x300.jpg 280w, https:\/\/www.atkar.hu\/wp-content\/uploads\/MFP_logo_RGB-1-768x822.jpg 768w, https:\/\/www.atkar.hu\/wp-content\/uploads\/MFP_logo_RGB-1-624x668.jpg 624w\" sizes=\"auto, (max-width: 956px) 100vw, 956px\" \/><\/figure>\n\n\n\n<div data-wp-interactive=\"core\/file\" class=\"wp-block-file\"><object data-wp-bind--hidden=\"!state.hasPdfPreview\" hidden class=\"wp-block-file__embed\" data=\"https:\/\/www.atkar.hu\/wp-content\/uploads\/MFP-jarda-Atkar-osszefoglalo.pdf\" type=\"application\/pdf\" style=\"width:100%;height:600px\" aria-label=\"MFP-jarda-Atkar-osszefoglalo be\u00e1gyaz\u00e1sa\"><\/object><a id=\"wp-block-file--media-836b45b1-5247-4777-bfbe-ac3c07bb18c9\" href=\"https:\/\/www.atkar.hu\/wp-content\/uploads\/MFP-jarda-Atkar-osszefoglalo.pdf\">MFP-jarda-Atkar-osszefoglalo<\/a><a href=\"https:\/\/www.atkar.hu\/wp-content\/uploads\/MFP-jarda-Atkar-osszefoglalo.pdf\" class=\"wp-block-file__button wp-element-button\" download aria-describedby=\"wp-block-file--media-836b45b1-5247-4777-bfbe-ac3c07bb18c9\">Let\u00f6lt\u00e9s<\/a><\/div>\n\n\n\n<div data-wp-interactive=\"core\/file\" class=\"wp-block-file\"><object data-wp-bind--hidden=\"!state.hasPdfPreview\" hidden class=\"wp-block-file__embed\" data=\"https:\/\/www.atkar.hu\/wp-content\/uploads\/MFP-komm-eszkoz-Atkar-osszefoglalo.pdf\" type=\"application\/pdf\" style=\"width:100%;height:600px\" aria-label=\"MFP-komm-eszkoz-Atkar-osszefoglalo be\u00e1gyaz\u00e1sa\"><\/object><a id=\"wp-block-file--media-5562753b-a958-4f2f-9c26-9ecb809695f1\" href=\"https:\/\/www.atkar.hu\/wp-content\/uploads\/MFP-komm-eszkoz-Atkar-osszefoglalo.pdf\">MFP-komm-eszkoz-Atkar-osszefoglalo<\/a><a href=\"https:\/\/www.atkar.hu\/wp-content\/uploads\/MFP-komm-eszkoz-Atkar-osszefoglalo.pdf\" class=\"wp-block-file__button wp-element-button\" download aria-describedby=\"wp-block-file--media-5562753b-a958-4f2f-9c26-9ecb809695f1\">Let\u00f6lt\u00e9s<\/a><\/div>\n\n\n\n<div data-wp-interactive=\"core\/file\" class=\"wp-block-file\"><object data-wp-bind--hidden=\"!state.hasPdfPreview\" hidden class=\"wp-block-file__embed\" data=\"https:\/\/www.atkar.hu\/wp-content\/uploads\/MFP-kozossegi-ter-Atkar-osszefoglalo.pdf\" type=\"application\/pdf\" style=\"width:100%;height:600px\" aria-label=\"MFP-kozossegi-ter-Atkar-osszefoglalo be\u00e1gyaz\u00e1sa\"><\/object><a id=\"wp-block-file--media-5f181158-7c9c-456f-80a2-eb636bb2df25\" href=\"https:\/\/www.atkar.hu\/wp-content\/uploads\/MFP-kozossegi-ter-Atkar-osszefoglalo.pdf\">MFP-kozossegi-ter-Atkar-osszefoglalo<\/a><a href=\"https:\/\/www.atkar.hu\/wp-content\/uploads\/MFP-kozossegi-ter-Atkar-osszefoglalo.pdf\" class=\"wp-block-file__button wp-element-button\" download aria-describedby=\"wp-block-file--media-5f181158-7c9c-456f-80a2-eb636bb2df25\">Let\u00f6lt\u00e9s<\/a><\/div>\n\n\n\n<div data-wp-interactive=\"core\/file\" class=\"wp-block-file\"><object data-wp-bind--hidden=\"!state.hasPdfPreview\" hidden class=\"wp-block-file__embed\" data=\"https:\/\/www.atkar.hu\/wp-content\/uploads\/MFP-temeto-Atkar-osszefoglalo.pdf\" type=\"application\/pdf\" style=\"width:100%;height:600px\" aria-label=\"MFP-temeto-Atkar-osszefoglalo be\u00e1gyaz\u00e1sa\"><\/object><a id=\"wp-block-file--media-2b99127b-f390-456f-9b6a-7011fbe1e327\" href=\"https:\/\/www.atkar.hu\/wp-content\/uploads\/MFP-temeto-Atkar-osszefoglalo.pdf\">MFP-temeto-Atkar-osszefoglalo<\/a><a href=\"https:\/\/www.atkar.hu\/wp-content\/uploads\/MFP-temeto-Atkar-osszefoglalo.pdf\" class=\"wp-block-file__button wp-element-button\" download aria-describedby=\"wp-block-file--media-2b99127b-f390-456f-9b6a-7011fbe1e327\">Let\u00f6lt\u00e9s<\/a><\/div>\n\n\n\n<div data-wp-interactive=\"core\/file\" class=\"wp-block-file\"><object data-wp-bind--hidden=\"!state.hasPdfPreview\" hidden class=\"wp-block-file__embed\" data=\"https:\/\/www.atkar.hu\/wp-content\/uploads\/MFP-ut-Atkar-osszefoglalo.pdf\" type=\"application\/pdf\" style=\"width:100%;height:600px\" aria-label=\"MFP-ut-Atkar-osszefoglalo be\u00e1gyaz\u00e1sa\"><\/object><a id=\"wp-block-file--media-b3f368ad-6c66-474c-9187-80721cdb0b48\" href=\"https:\/\/www.atkar.hu\/wp-content\/uploads\/MFP-ut-Atkar-osszefoglalo.pdf\">MFP-ut-Atkar-osszefoglalo<\/a><a href=\"https:\/\/www.atkar.hu\/wp-content\/uploads\/MFP-ut-Atkar-osszefoglalo.pdf\" class=\"wp-block-file__button wp-element-button\" download aria-describedby=\"wp-block-file--media-b3f368ad-6c66-474c-9187-80721cdb0b48\">Let\u00f6lt\u00e9s<\/a><\/div>\n\n\n\n<div class=\"wp-block-file\"><a id=\"wp-block-file--media-e485feac-a749-498b-aa6b-44871f408cf7\" href=\"https:\/\/www.atkar.hu\/wp-content\/uploads\/MFP-osszefoglalo-faluhaz-Atkar.pdf\"><br>MFP-osszefoglalo-faluhaz-Atkar<\/a><a href=\"https:\/\/www.atkar.hu\/wp-content\/uploads\/MFP-osszefoglalo-faluhaz-Atkar.pdf\" class=\"wp-block-file__button wp-element-button\" download aria-describedby=\"wp-block-file--media-e485feac-a749-498b-aa6b-44871f408cf7\">Let\u00f6lt\u00e9s<\/a><\/div>\n\n\n\n<div class=\"wp-block-file\"><a id=\"wp-block-file--media-215744a5-4e7c-42f2-9563-82607f83afe2\" href=\"https:\/\/www.atkar.hu\/wp-content\/uploads\/MFP_Atkar_temeto_osszefoglalo.pdf\">MFP_Atkar_temeto_osszefoglalo<\/a><a href=\"https:\/\/www.atkar.hu\/wp-content\/uploads\/MFP_Atkar_temeto_osszefoglalo.pdf\" class=\"wp-block-file__button wp-element-button\" download aria-describedby=\"wp-block-file--media-215744a5-4e7c-42f2-9563-82607f83afe2\">Let\u00f6lt\u00e9s<\/a><\/div>\n\n\n\n<div class=\"wp-block-file\"><a id=\"wp-block-file--media-4e7e6433-c28e-4661-8a22-f913036f2103\" href=\"http:\/\/www.atkar.hu\/wp-content\/uploads\/MFP_Atk\u00e1r_szolglak_\u00f6sszefoglal\u00f3_.docx\">MFP_Atk\u00e1r_szolglak_\u00f6sszefoglal\u00f3<\/a><a href=\"http:\/\/www.atkar.hu\/wp-content\/uploads\/MFP_Atk\u00e1r_szolglak_\u00f6sszefoglal\u00f3_.docx\" class=\"wp-block-file__button wp-element-button\" download aria-describedby=\"wp-block-file--media-4e7e6433-c28e-4661-8a22-f913036f2103\">Let\u00f6lt\u00e9s<\/a><\/div>\n\n\n\n<div class=\"wp-block-file\"><a id=\"wp-block-file--media-0ecccec0-6c59-4abf-bb0b-c2477fa1348a\" href=\"http:\/\/www.atkar.hu\/wp-content\/uploads\/MFP_Atk\u00e1r_faluh\u00e1z_\u00f6sszefoglal\u00f3_.docx\">MFP_Atk\u00e1r_faluh\u00e1z_\u00f6sszefoglal\u00f3<\/a><a href=\"http:\/\/www.atkar.hu\/wp-content\/uploads\/MFP_Atk\u00e1r_faluh\u00e1z_\u00f6sszefoglal\u00f3_.docx\" class=\"wp-block-file__button wp-element-button\" download aria-describedby=\"wp-block-file--media-0ecccec0-6c59-4abf-bb0b-c2477fa1348a\">Let\u00f6lt\u00e9s<\/a><\/div>\n\n\n\n<div class=\"wp-block-file\"><a id=\"wp-block-file--media-9b5e569c-9d77-4135-a818-2210d4023a5f\" href=\"http:\/\/www.atkar.hu\/wp-content\/uploads\/MFP_orvosi-rendelo\u030b_o\u0308sszefoglalo\u0301.docx\">MFP_orvosi rendelo\u030b_o\u0308sszefoglalo\u0301<\/a><a href=\"http:\/\/www.atkar.hu\/wp-content\/uploads\/MFP_orvosi-rendelo\u030b_o\u0308sszefoglalo\u0301.docx\" class=\"wp-block-file__button wp-element-button\" download aria-describedby=\"wp-block-file--media-9b5e569c-9d77-4135-a818-2210d4023a5f\">Let\u00f6lt\u00e9s<\/a><\/div>\n\n\n\n<div class=\"wp-block-file\"><a id=\"wp-block-file--media-2f626e7c-5555-45ed-b437-dbc17a3e7edb\" href=\"http:\/\/www.atkar.hu\/wp-content\/uploads\/MFP_ja\u0301rda_o\u0308sszefoglalo\u0301_atka\u0301r.docx\">MFP_ja\u0301rda_o\u0308sszefoglalo\u0301_atka\u0301r<\/a><a href=\"http:\/\/www.atkar.hu\/wp-content\/uploads\/MFP_ja\u0301rda_o\u0308sszefoglalo\u0301_atka\u0301r.docx\" class=\"wp-block-file__button wp-element-button\" download aria-describedby=\"wp-block-file--media-2f626e7c-5555-45ed-b437-dbc17a3e7edb\">Let\u00f6lt\u00e9s<\/a><\/div>\n\n\n\n<div class=\"wp-block-file\"><a id=\"wp-block-file--media-00e13e06-7c92-49d3-bc1b-e06a42ae2fad\" href=\"http:\/\/www.atkar.hu\/wp-content\/uploads\/MFP_u\u0301t_o\u0308sszefoglalo\u0301_atka\u0301r.docx\">MFP_u\u0301t_o\u0308sszefoglalo\u0301_atka\u0301r<\/a><a href=\"http:\/\/www.atkar.hu\/wp-content\/uploads\/MFP_u\u0301t_o\u0308sszefoglalo\u0301_atka\u0301r.docx\" class=\"wp-block-file__button wp-element-button\" download aria-describedby=\"wp-block-file--media-00e13e06-7c92-49d3-bc1b-e06a42ae2fad\">Let\u00f6lt\u00e9s<\/a><\/div>\n\n\n\n<div data-wp-interactive=\"core\/file\" class=\"wp-block-file\"><object data-wp-bind--hidden=\"!state.hasPdfPreview\" hidden class=\"wp-block-file__embed\" data=\"https:\/\/www.atkar.hu\/wp-content\/uploads\/MFP-Orvosi-eszkoz-osszefoglalo-2.pdf\" type=\"application\/pdf\" style=\"width:100%;height:600px\" aria-label=\"MFP-Orvosi-eszkoz-osszefoglalo-2 be\u00e1gyaz\u00e1sa\"><\/object><a id=\"wp-block-file--media-e101d7a9-4896-40e4-9ad3-13be271cce98\" href=\"https:\/\/www.atkar.hu\/wp-content\/uploads\/MFP-Orvosi-eszkoz-osszefoglalo-2.pdf\">MFP-Orvosi-eszkoz-osszefoglalo-2<\/a><a href=\"https:\/\/www.atkar.hu\/wp-content\/uploads\/MFP-Orvosi-eszkoz-osszefoglalo-2.pdf\" class=\"wp-block-file__button wp-element-button\" download aria-describedby=\"wp-block-file--media-e101d7a9-4896-40e4-9ad3-13be271cce98\">Let\u00f6lt\u00e9s<\/a><\/div>\n\n\n","protected":false},"excerpt":{"rendered":"<p>https:\/\/hatvanonline.hu\/hir\/Szilard_utburkolatot_kapott_a_Matra_utca_Atkaron\/0\/7\/27032 https:\/\/versenykepesjarasok.hu CSAPAD\u00c9KV\u00cdZ ELVEZET\u0150 H\u00c1L\u00d3ZAT KIALAK\u00cdT\u00c1SA ATK\u00c1R K\u00d6ZS\u00c9GBEN T\u00e1mogat\u00e1si szerz\u0151d\u00e9s sz\u00e1ma: TOP_PLUSZ-1.2.1-21-HE1-2022-00081Kedvezm\u00e9nyezett: Atk\u00e1r K\u00f6zs\u00e9g \u00d6nkorm\u00e1nyzataKezd\u0151 id\u0151pont: 2022.12.16.Fizikai befejez\u00e9s: 2025.10.31.T\u00e1mogat\u00e1si \u00f6sszeg: 69.991.975 FtT\u00e1mogat\u00e1s intenzit\u00e1sa: 100 % Atk\u00e1r K\u00f6zs\u00e9gi \u00d6nkorm\u00e1nyzata \u00e9vek \u00f3ta nagy hangs\u00falyt fektet a telep\u00fcl\u00e9s csapad\u00e9kv\u00edz elvezet\u0151 h\u00e1l\u00f3zata m\u0171k\u00f6d\u0151k\u00e9pess\u00e9g\u00e9nek fenntart\u00e1s\u00e1ra. lehet\u0151s\u00e9geihez k\u00e9pest ezen c\u00e9l el\u00e9r\u00e9se \u00e9rdek\u00e9ben az elm\u00falt \u00e9vekben a telep\u00fcl\u00e9s t\u00f6bb ter\u00fclet\u00e9n ki\u00e9p\u00edtette, ill. [&hellip;]<\/p>\n","protected":false},"author":1,"featured_media":0,"parent":0,"menu_order":5,"comment_status":"closed","ping_status":"closed","template":"","meta":{"footnotes":""},"class_list":["post-747","page","type-page","status-publish","hentry"],"_links":{"self":[{"href":"https:\/\/www.atkar.hu\/index.php?rest_route=\/wp\/v2\/pages\/747","targetHints":{"allow":["GET"]}}],"collection":[{"href":"https:\/\/www.atkar.hu\/index.php?rest_route=\/wp\/v2\/pages"}],"about":[{"href":"https:\/\/www.atkar.hu\/index.php?rest_route=\/wp\/v2\/types\/page"}],"author":[{"embeddable":true,"href":"https:\/\/www.atkar.hu\/index.php?rest_route=\/wp\/v2\/users\/1"}],"replies":[{"embeddable":true,"href":"https:\/\/www.atkar.hu\/index.php?rest_route=%2Fwp%2Fv2%2Fcomments&post=747"}],"version-history":[{"count":16,"href":"https:\/\/www.atkar.hu\/index.php?rest_route=\/wp\/v2\/pages\/747\/revisions"}],"predecessor-version":[{"id":1180,"href":"https:\/\/www.atkar.hu\/index.php?rest_route=\/wp\/v2\/pages\/747\/revisions\/1180"}],"wp:attachment":[{"href":"https:\/\/www.atkar.hu\/index.php?rest_route=%2Fwp%2Fv2%2Fmedia&parent=747"}],"curies":[{"name":"wp","href":"https:\/\/api.w.org\/{rel}","templated":true}]}}