{"id":910,"date":"2024-04-15T08:12:19","date_gmt":"2024-04-15T08:12:19","guid":{"rendered":"https:\/\/www.atkar.hu\/?page_id=910"},"modified":"2025-12-17T14:24:24","modified_gmt":"2025-12-17T14:24:24","slug":"hvb-hatarozatok","status":"publish","type":"page","link":"https:\/\/www.atkar.hu\/?page_id=910","title":{"rendered":"HVB hat\u00e1rozatok"},"content":{"rendered":"\n<div data-wp-interactive=\"core\/file\" class=\"wp-block-file\"><object data-wp-bind--hidden=\"!state.hasPdfPreview\" hidden class=\"wp-block-file__embed\" data=\"https:\/\/www.atkar.hu\/wp-content\/uploads\/1_2025-XII.16.-HVB-hatarozat.pdf\" type=\"application\/pdf\" style=\"width:100%;height:600px\" aria-label=\"1_2025 (XII.16.) HVB hat\u00e1rozat be\u00e1gyaz\u00e1sa\"><\/object><a id=\"wp-block-file--media-e44ee980-2f2a-42be-9c4c-26a316bc1e97\" href=\"https:\/\/www.atkar.hu\/wp-content\/uploads\/1_2025-XII.16.-HVB-hatarozat.pdf\">1_2025 (XII.16.) HVB hat\u00e1rozat<\/a><a href=\"https:\/\/www.atkar.hu\/wp-content\/uploads\/1_2025-XII.16.-HVB-hatarozat.pdf\" class=\"wp-block-file__button wp-element-button\" download aria-describedby=\"wp-block-file--media-e44ee980-2f2a-42be-9c4c-26a316bc1e97\">Let\u00f6lt\u00e9s<\/a><\/div>\n\n\n\n<div data-wp-interactive=\"core\/file\" class=\"wp-block-file\"><object data-wp-bind--hidden=\"!state.hasPdfPreview\" hidden class=\"wp-block-file__embed\" data=\"https:\/\/www.atkar.hu\/wp-content\/uploads\/22_2024_VI_09-HVB-hatarozat.pdf\" type=\"application\/pdf\" style=\"width:100%;height:600px\" aria-label=\"22_2024_VI_09-HVB-hatarozat be\u00e1gyaz\u00e1sa\"><\/object><a id=\"wp-block-file--media-3b068f15-f8e5-451f-a6b0-edd99ea4b292\" href=\"https:\/\/www.atkar.hu\/wp-content\/uploads\/22_2024_VI_09-HVB-hatarozat.pdf\">22_2024_VI_09-HVB-hatarozat<\/a><a href=\"https:\/\/www.atkar.hu\/wp-content\/uploads\/22_2024_VI_09-HVB-hatarozat.pdf\" class=\"wp-block-file__button wp-element-button\" download aria-describedby=\"wp-block-file--media-3b068f15-f8e5-451f-a6b0-edd99ea4b292\">Let\u00f6lt\u00e9s<\/a><\/div>\n\n\n\n<div data-wp-interactive=\"core\/file\" class=\"wp-block-file\"><object data-wp-bind--hidden=\"!state.hasPdfPreview\" hidden class=\"wp-block-file__embed\" data=\"https:\/\/www.atkar.hu\/wp-content\/uploads\/21_2024_VI_09-HVB-hatarozat.pdf\" type=\"application\/pdf\" style=\"width:100%;height:600px\" aria-label=\"21_2024_VI_09-HVB-hatarozat be\u00e1gyaz\u00e1sa\"><\/object><a id=\"wp-block-file--media-5bb38309-f2dd-404e-b6b3-3aaa09d81dbd\" href=\"https:\/\/www.atkar.hu\/wp-content\/uploads\/21_2024_VI_09-HVB-hatarozat.pdf\">21_2024_VI_09-HVB-hatarozat<\/a><a href=\"https:\/\/www.atkar.hu\/wp-content\/uploads\/21_2024_VI_09-HVB-hatarozat.pdf\" class=\"wp-block-file__button wp-element-button\" download aria-describedby=\"wp-block-file--media-5bb38309-f2dd-404e-b6b3-3aaa09d81dbd\">Let\u00f6lt\u00e9s<\/a><\/div>\n\n\n\n<div data-wp-interactive=\"core\/file\" class=\"wp-block-file\"><object data-wp-bind--hidden=\"!state.hasPdfPreview\" hidden class=\"wp-block-file__embed\" data=\"https:\/\/www.atkar.hu\/wp-content\/uploads\/20_2024_V_14-HVB-hatarozat.pdf\" type=\"application\/pdf\" style=\"width:100%;height:600px\" aria-label=\"20_2024_V_14-HVB-hatarozat be\u00e1gyaz\u00e1sa\"><\/object><a id=\"wp-block-file--media-a2ad3307-d2f1-4b23-a5e2-a55c6dfa0849\" href=\"https:\/\/www.atkar.hu\/wp-content\/uploads\/20_2024_V_14-HVB-hatarozat.pdf\">20_2024_V_14-HVB-hatarozat<\/a><a href=\"https:\/\/www.atkar.hu\/wp-content\/uploads\/20_2024_V_14-HVB-hatarozat.pdf\" class=\"wp-block-file__button wp-element-button\" download aria-describedby=\"wp-block-file--media-a2ad3307-d2f1-4b23-a5e2-a55c6dfa0849\">Let\u00f6lt\u00e9s<\/a><\/div>\n\n\n\n<div data-wp-interactive=\"core\/file\" class=\"wp-block-file\"><object data-wp-bind--hidden=\"!state.hasPdfPreview\" hidden class=\"wp-block-file__embed\" data=\"https:\/\/www.atkar.hu\/wp-content\/uploads\/19_2024_V_14-HVB-hatarozat.pdf\" type=\"application\/pdf\" style=\"width:100%;height:600px\" aria-label=\"19_2024_V_14-HVB-hatarozat be\u00e1gyaz\u00e1sa\"><\/object><a id=\"wp-block-file--media-938b9967-e789-4328-a774-6c98d81f5038\" href=\"https:\/\/www.atkar.hu\/wp-content\/uploads\/19_2024_V_14-HVB-hatarozat.pdf\">19_2024_V_14-HVB-hatarozat<\/a><a href=\"https:\/\/www.atkar.hu\/wp-content\/uploads\/19_2024_V_14-HVB-hatarozat.pdf\" class=\"wp-block-file__button wp-element-button\" download aria-describedby=\"wp-block-file--media-938b9967-e789-4328-a774-6c98d81f5038\">Let\u00f6lt\u00e9s<\/a><\/div>\n\n\n\n<div data-wp-interactive=\"core\/file\" class=\"wp-block-file\"><object data-wp-bind--hidden=\"!state.hasPdfPreview\" hidden class=\"wp-block-file__embed\" data=\"http:\/\/www.atkar.hu\/wp-content\/uploads\/4_2024_IV_29-Helyi-Valasztasi-Bizottsag-hatarozata.pdf\" type=\"application\/pdf\" style=\"width:100%;height:600px\" aria-label=\"4_2024_IV_29 Helyi V\u00e1laszt\u00e1si Bizotts\u00e1g hat\u00e1rozata be\u00e1gyaz\u00e1sa\"><\/object><a id=\"wp-block-file--media-8d1a80ce-cf33-4e8f-88ee-229b6a5a26fa\" href=\"http:\/\/www.atkar.hu\/wp-content\/uploads\/4_2024_IV_29-Helyi-Valasztasi-Bizottsag-hatarozata.pdf\">4_2024_IV_29 Helyi V\u00e1laszt\u00e1si Bizotts\u00e1g hat\u00e1rozata<\/a><a href=\"http:\/\/www.atkar.hu\/wp-content\/uploads\/4_2024_IV_29-Helyi-Valasztasi-Bizottsag-hatarozata.pdf\" class=\"wp-block-file__button wp-element-button\" download aria-describedby=\"wp-block-file--media-8d1a80ce-cf33-4e8f-88ee-229b6a5a26fa\">Let\u00f6lt\u00e9s<\/a><\/div>\n\n\n\n<div data-wp-interactive=\"core\/file\" class=\"wp-block-file\"><object data-wp-bind--hidden=\"!state.hasPdfPreview\" hidden class=\"wp-block-file__embed\" data=\"https:\/\/www.atkar.hu\/wp-content\/uploads\/5_2024_IV_29-helyi-Valasztasi-Bizottsag-hatarozata-1.pdf\" type=\"application\/pdf\" style=\"width:100%;height:600px\" aria-label=\"5_2024_IV_29-helyi-Valasztasi-Bizottsag-hatarozata-1 be\u00e1gyaz\u00e1sa\"><\/object><a id=\"wp-block-file--media-cf35d245-e8ba-4fe3-b34e-7df382ed992f\" href=\"https:\/\/www.atkar.hu\/wp-content\/uploads\/5_2024_IV_29-helyi-Valasztasi-Bizottsag-hatarozata-1.pdf\">5_2024_IV_29-helyi-Valasztasi-Bizottsag-hatarozata-1<\/a><a href=\"https:\/\/www.atkar.hu\/wp-content\/uploads\/5_2024_IV_29-helyi-Valasztasi-Bizottsag-hatarozata-1.pdf\" class=\"wp-block-file__button wp-element-button\" download aria-describedby=\"wp-block-file--media-cf35d245-e8ba-4fe3-b34e-7df382ed992f\">Let\u00f6lt\u00e9s<\/a><\/div>\n\n\n\n<div data-wp-interactive=\"core\/file\" class=\"wp-block-file\"><object data-wp-bind--hidden=\"!state.hasPdfPreview\" hidden class=\"wp-block-file__embed\" data=\"https:\/\/www.atkar.hu\/wp-content\/uploads\/6_2024_IV_29-Helyi-Valasztasi-Bizottsag-hatarozata-1.pdf\" type=\"application\/pdf\" style=\"width:100%;height:600px\" aria-label=\"6_2024_IV_29-Helyi-Valasztasi-Bizottsag-hatarozata-1 be\u00e1gyaz\u00e1sa\"><\/object><a id=\"wp-block-file--media-a5bcd49a-fde5-47fa-a3e4-0f486250abb2\" href=\"https:\/\/www.atkar.hu\/wp-content\/uploads\/6_2024_IV_29-Helyi-Valasztasi-Bizottsag-hatarozata-1.pdf\">6_2024_IV_29-Helyi-Valasztasi-Bizottsag-hatarozata-1<\/a><a href=\"https:\/\/www.atkar.hu\/wp-content\/uploads\/6_2024_IV_29-Helyi-Valasztasi-Bizottsag-hatarozata-1.pdf\" class=\"wp-block-file__button wp-element-button\" download aria-describedby=\"wp-block-file--media-a5bcd49a-fde5-47fa-a3e4-0f486250abb2\">Let\u00f6lt\u00e9s<\/a><\/div>\n\n\n\n<div data-wp-interactive=\"core\/file\" class=\"wp-block-file\"><object data-wp-bind--hidden=\"!state.hasPdfPreview\" hidden class=\"wp-block-file__embed\" data=\"https:\/\/www.atkar.hu\/wp-content\/uploads\/7_2024_IV_29-Helyi-Valasztasi-Bizottsag-hatarozata-1.pdf\" type=\"application\/pdf\" style=\"width:100%;height:600px\" aria-label=\"7_2024_IV_29-Helyi-Valasztasi-Bizottsag-hatarozata-1 be\u00e1gyaz\u00e1sa\"><\/object><a id=\"wp-block-file--media-3c9762c7-861b-462b-b033-81da668fabae\" href=\"https:\/\/www.atkar.hu\/wp-content\/uploads\/7_2024_IV_29-Helyi-Valasztasi-Bizottsag-hatarozata-1.pdf\">7_2024_IV_29-Helyi-Valasztasi-Bizottsag-hatarozata-1<\/a><a href=\"https:\/\/www.atkar.hu\/wp-content\/uploads\/7_2024_IV_29-Helyi-Valasztasi-Bizottsag-hatarozata-1.pdf\" class=\"wp-block-file__button wp-element-button\" download aria-describedby=\"wp-block-file--media-3c9762c7-861b-462b-b033-81da668fabae\">Let\u00f6lt\u00e9s<\/a><\/div>\n\n\n\n<div data-wp-interactive=\"core\/file\" class=\"wp-block-file\"><object data-wp-bind--hidden=\"!state.hasPdfPreview\" hidden class=\"wp-block-file__embed\" data=\"https:\/\/www.atkar.hu\/wp-content\/uploads\/8_2024_IV_29-Helyi-Valasztasi-Bizottsag-hatarozata-1.pdf\" type=\"application\/pdf\" style=\"width:100%;height:600px\" aria-label=\"8_2024_IV_29-Helyi-Valasztasi-Bizottsag-hatarozata-1 be\u00e1gyaz\u00e1sa\"><\/object><a id=\"wp-block-file--media-d47dccbc-6c85-442f-8d20-3b3831afde63\" href=\"https:\/\/www.atkar.hu\/wp-content\/uploads\/8_2024_IV_29-Helyi-Valasztasi-Bizottsag-hatarozata-1.pdf\">8_2024_IV_29-Helyi-Valasztasi-Bizottsag-hatarozata-1<\/a><a href=\"https:\/\/www.atkar.hu\/wp-content\/uploads\/8_2024_IV_29-Helyi-Valasztasi-Bizottsag-hatarozata-1.pdf\" class=\"wp-block-file__button wp-element-button\" download aria-describedby=\"wp-block-file--media-d47dccbc-6c85-442f-8d20-3b3831afde63\">Let\u00f6lt\u00e9s<\/a><\/div>\n\n\n\n<div data-wp-interactive=\"core\/file\" class=\"wp-block-file\"><object data-wp-bind--hidden=\"!state.hasPdfPreview\" hidden class=\"wp-block-file__embed\" data=\"https:\/\/www.atkar.hu\/wp-content\/uploads\/9_2024_V_3-Helyi-Valasztasi-Bizottsag-hatarozata-1.pdf\" type=\"application\/pdf\" style=\"width:100%;height:600px\" aria-label=\"9_2024_V_3-Helyi-Valasztasi-Bizottsag-hatarozata-1 be\u00e1gyaz\u00e1sa\"><\/object><a id=\"wp-block-file--media-ae3611eb-3e62-4757-8491-d728b987b20f\" href=\"https:\/\/www.atkar.hu\/wp-content\/uploads\/9_2024_V_3-Helyi-Valasztasi-Bizottsag-hatarozata-1.pdf\">9_2024_V_3-Helyi-Valasztasi-Bizottsag-hatarozata-1<\/a><a href=\"https:\/\/www.atkar.hu\/wp-content\/uploads\/9_2024_V_3-Helyi-Valasztasi-Bizottsag-hatarozata-1.pdf\" class=\"wp-block-file__button wp-element-button\" download aria-describedby=\"wp-block-file--media-ae3611eb-3e62-4757-8491-d728b987b20f\">Let\u00f6lt\u00e9s<\/a><\/div>\n\n\n\n<div data-wp-interactive=\"core\/file\" class=\"wp-block-file\"><object data-wp-bind--hidden=\"!state.hasPdfPreview\" hidden class=\"wp-block-file__embed\" data=\"https:\/\/www.atkar.hu\/wp-content\/uploads\/10_2024_V_3-Helyi-Valasztasi-Bizottsag-hatarozata-1.pdf\" type=\"application\/pdf\" style=\"width:100%;height:600px\" aria-label=\"10_2024_V_3-Helyi-Valasztasi-Bizottsag-hatarozata-1 be\u00e1gyaz\u00e1sa\"><\/object><a id=\"wp-block-file--media-b6ace03c-4c78-4907-8036-200c1fa0633d\" href=\"https:\/\/www.atkar.hu\/wp-content\/uploads\/10_2024_V_3-Helyi-Valasztasi-Bizottsag-hatarozata-1.pdf\">10_2024_V_3-Helyi-Valasztasi-Bizottsag-hatarozata-1<\/a><a href=\"https:\/\/www.atkar.hu\/wp-content\/uploads\/10_2024_V_3-Helyi-Valasztasi-Bizottsag-hatarozata-1.pdf\" class=\"wp-block-file__button wp-element-button\" download aria-describedby=\"wp-block-file--media-b6ace03c-4c78-4907-8036-200c1fa0633d\">Let\u00f6lt\u00e9s<\/a><\/div>\n\n\n\n<div data-wp-interactive=\"core\/file\" class=\"wp-block-file\"><object data-wp-bind--hidden=\"!state.hasPdfPreview\" hidden class=\"wp-block-file__embed\" data=\"https:\/\/www.atkar.hu\/wp-content\/uploads\/11_2024_V_3-Helyi-Valasztasi-Bizottsag-hatarozata-1.pdf\" type=\"application\/pdf\" style=\"width:100%;height:600px\" aria-label=\"11_2024_V_3-Helyi-Valasztasi-Bizottsag-hatarozata-1 be\u00e1gyaz\u00e1sa\"><\/object><a id=\"wp-block-file--media-f4788fb2-5cb8-437d-be92-db2de29eba35\" href=\"https:\/\/www.atkar.hu\/wp-content\/uploads\/11_2024_V_3-Helyi-Valasztasi-Bizottsag-hatarozata-1.pdf\">11_2024_V_3-Helyi-Valasztasi-Bizottsag-hatarozata-1<\/a><a href=\"https:\/\/www.atkar.hu\/wp-content\/uploads\/11_2024_V_3-Helyi-Valasztasi-Bizottsag-hatarozata-1.pdf\" class=\"wp-block-file__button wp-element-button\" download aria-describedby=\"wp-block-file--media-f4788fb2-5cb8-437d-be92-db2de29eba35\">Let\u00f6lt\u00e9s<\/a><\/div>\n\n\n\n<div data-wp-interactive=\"core\/file\" class=\"wp-block-file\"><object data-wp-bind--hidden=\"!state.hasPdfPreview\" hidden class=\"wp-block-file__embed\" data=\"https:\/\/www.atkar.hu\/wp-content\/uploads\/12_2024_V_3-Helyi-Valasztasi-Bizottsag-hatarozata-1.pdf\" type=\"application\/pdf\" style=\"width:100%;height:600px\" aria-label=\"12_2024_V_3-Helyi-Valasztasi-Bizottsag-hatarozata-1 be\u00e1gyaz\u00e1sa\"><\/object><a id=\"wp-block-file--media-69574d14-0bf7-4f7f-b39f-b9d0539348a0\" href=\"https:\/\/www.atkar.hu\/wp-content\/uploads\/12_2024_V_3-Helyi-Valasztasi-Bizottsag-hatarozata-1.pdf\">12_2024_V_3-Helyi-Valasztasi-Bizottsag-hatarozata-1<\/a><a href=\"https:\/\/www.atkar.hu\/wp-content\/uploads\/12_2024_V_3-Helyi-Valasztasi-Bizottsag-hatarozata-1.pdf\" class=\"wp-block-file__button wp-element-button\" download aria-describedby=\"wp-block-file--media-69574d14-0bf7-4f7f-b39f-b9d0539348a0\">Let\u00f6lt\u00e9s<\/a><\/div>\n\n\n\n<div data-wp-interactive=\"core\/file\" class=\"wp-block-file\"><object data-wp-bind--hidden=\"!state.hasPdfPreview\" hidden class=\"wp-block-file__embed\" data=\"https:\/\/www.atkar.hu\/wp-content\/uploads\/13_2024_V_3-Helyi-Valasztasi-Bizottsag-hatarozata-1.pdf\" type=\"application\/pdf\" style=\"width:100%;height:600px\" aria-label=\"13_2024_V_3-Helyi-Valasztasi-Bizottsag-hatarozata-1 be\u00e1gyaz\u00e1sa\"><\/object><a id=\"wp-block-file--media-eaee872f-dd94-4c45-9c68-94ea568b773d\" href=\"https:\/\/www.atkar.hu\/wp-content\/uploads\/13_2024_V_3-Helyi-Valasztasi-Bizottsag-hatarozata-1.pdf\">13_2024_V_3-Helyi-Valasztasi-Bizottsag-hatarozata-1<\/a><a href=\"https:\/\/www.atkar.hu\/wp-content\/uploads\/13_2024_V_3-Helyi-Valasztasi-Bizottsag-hatarozata-1.pdf\" class=\"wp-block-file__button wp-element-button\" download aria-describedby=\"wp-block-file--media-eaee872f-dd94-4c45-9c68-94ea568b773d\">Let\u00f6lt\u00e9s<\/a><\/div>\n\n\n\n<div data-wp-interactive=\"core\/file\" class=\"wp-block-file\"><object data-wp-bind--hidden=\"!state.hasPdfPreview\" hidden class=\"wp-block-file__embed\" data=\"https:\/\/www.atkar.hu\/wp-content\/uploads\/14_2024_V_3-Helyi-Valasztasi-Bizottsag-hatarozata-1.pdf\" type=\"application\/pdf\" style=\"width:100%;height:600px\" aria-label=\"14_2024_V_3-Helyi-Valasztasi-Bizottsag-hatarozata-1 be\u00e1gyaz\u00e1sa\"><\/object><a id=\"wp-block-file--media-0fc9f229-9182-4706-8fdb-eba59423e7a9\" href=\"https:\/\/www.atkar.hu\/wp-content\/uploads\/14_2024_V_3-Helyi-Valasztasi-Bizottsag-hatarozata-1.pdf\">14_2024_V_3-Helyi-Valasztasi-Bizottsag-hatarozata-1<\/a><a href=\"https:\/\/www.atkar.hu\/wp-content\/uploads\/14_2024_V_3-Helyi-Valasztasi-Bizottsag-hatarozata-1.pdf\" class=\"wp-block-file__button wp-element-button\" download aria-describedby=\"wp-block-file--media-0fc9f229-9182-4706-8fdb-eba59423e7a9\">Let\u00f6lt\u00e9s<\/a><\/div>\n\n\n\n<div data-wp-interactive=\"core\/file\" class=\"wp-block-file\"><object data-wp-bind--hidden=\"!state.hasPdfPreview\" hidden class=\"wp-block-file__embed\" data=\"https:\/\/www.atkar.hu\/wp-content\/uploads\/15_2024_V_3-Helyi-Valasztasi-Bizottsag-hatarozata-1.pdf\" type=\"application\/pdf\" style=\"width:100%;height:600px\" aria-label=\"15_2024_V_3-Helyi-Valasztasi-Bizottsag-hatarozata-1 be\u00e1gyaz\u00e1sa\"><\/object><a id=\"wp-block-file--media-4ca8725e-fb36-4052-879e-f07b3828f8a4\" href=\"https:\/\/www.atkar.hu\/wp-content\/uploads\/15_2024_V_3-Helyi-Valasztasi-Bizottsag-hatarozata-1.pdf\">15_2024_V_3-Helyi-Valasztasi-Bizottsag-hatarozata-1<\/a><a href=\"https:\/\/www.atkar.hu\/wp-content\/uploads\/15_2024_V_3-Helyi-Valasztasi-Bizottsag-hatarozata-1.pdf\" class=\"wp-block-file__button wp-element-button\" download aria-describedby=\"wp-block-file--media-4ca8725e-fb36-4052-879e-f07b3828f8a4\">Let\u00f6lt\u00e9s<\/a><\/div>\n\n\n\n<div data-wp-interactive=\"core\/file\" class=\"wp-block-file\"><object data-wp-bind--hidden=\"!state.hasPdfPreview\" hidden class=\"wp-block-file__embed\" data=\"https:\/\/www.atkar.hu\/wp-content\/uploads\/16_2024_V_3-Helyi-Valasztasi-Bizottsag-hatarozata-1.pdf\" type=\"application\/pdf\" style=\"width:100%;height:600px\" aria-label=\"16_2024_V_3-Helyi-Valasztasi-Bizottsag-hatarozata-1 be\u00e1gyaz\u00e1sa\"><\/object><a id=\"wp-block-file--media-43d29a31-d2f1-40e5-b921-1b4102e2d102\" href=\"https:\/\/www.atkar.hu\/wp-content\/uploads\/16_2024_V_3-Helyi-Valasztasi-Bizottsag-hatarozata-1.pdf\">16_2024_V_3-Helyi-Valasztasi-Bizottsag-hatarozata-1<\/a><a href=\"https:\/\/www.atkar.hu\/wp-content\/uploads\/16_2024_V_3-Helyi-Valasztasi-Bizottsag-hatarozata-1.pdf\" class=\"wp-block-file__button wp-element-button\" download aria-describedby=\"wp-block-file--media-43d29a31-d2f1-40e5-b921-1b4102e2d102\">Let\u00f6lt\u00e9s<\/a><\/div>\n\n\n\n<div data-wp-interactive=\"core\/file\" class=\"wp-block-file\"><object data-wp-bind--hidden=\"!state.hasPdfPreview\" hidden class=\"wp-block-file__embed\" data=\"https:\/\/www.atkar.hu\/wp-content\/uploads\/17_2024_V_6-Helyi-Valasztasi-Bizottsag-hatarozata-1.pdf\" type=\"application\/pdf\" style=\"width:100%;height:600px\" aria-label=\"17_2024_V_6-Helyi-Valasztasi-Bizottsag-hatarozata-1 be\u00e1gyaz\u00e1sa\"><\/object><a id=\"wp-block-file--media-9b7ed571-06ae-4e27-b32d-31bb0992aa90\" href=\"https:\/\/www.atkar.hu\/wp-content\/uploads\/17_2024_V_6-Helyi-Valasztasi-Bizottsag-hatarozata-1.pdf\">17_2024_V_6-Helyi-Valasztasi-Bizottsag-hatarozata-1<\/a><a href=\"https:\/\/www.atkar.hu\/wp-content\/uploads\/17_2024_V_6-Helyi-Valasztasi-Bizottsag-hatarozata-1.pdf\" class=\"wp-block-file__button wp-element-button\" download aria-describedby=\"wp-block-file--media-9b7ed571-06ae-4e27-b32d-31bb0992aa90\">Let\u00f6lt\u00e9s<\/a><\/div>\n\n\n\n<div data-wp-interactive=\"core\/file\" class=\"wp-block-file\"><object data-wp-bind--hidden=\"!state.hasPdfPreview\" hidden class=\"wp-block-file__embed\" data=\"https:\/\/www.atkar.hu\/wp-content\/uploads\/18_2024_V_6-Helyi-Valasztasi-Bizottsag-hatarozata-1.pdf\" type=\"application\/pdf\" style=\"width:100%;height:600px\" aria-label=\"18_2024_V_6-Helyi-Valasztasi-Bizottsag-hatarozata-1 be\u00e1gyaz\u00e1sa\"><\/object><a id=\"wp-block-file--media-285cf3d8-d01c-4bf8-9a94-ed117f8355f9\" href=\"https:\/\/www.atkar.hu\/wp-content\/uploads\/18_2024_V_6-Helyi-Valasztasi-Bizottsag-hatarozata-1.pdf\">18_2024_V_6-Helyi-Valasztasi-Bizottsag-hatarozata-1<\/a><a href=\"https:\/\/www.atkar.hu\/wp-content\/uploads\/18_2024_V_6-Helyi-Valasztasi-Bizottsag-hatarozata-1.pdf\" class=\"wp-block-file__button wp-element-button\" download aria-describedby=\"wp-block-file--media-285cf3d8-d01c-4bf8-9a94-ed117f8355f9\">Let\u00f6lt\u00e9s<\/a><\/div>\n","protected":false},"excerpt":{"rendered":"","protected":false},"author":1,"featured_media":0,"parent":908,"menu_order":1,"comment_status":"closed","ping_status":"closed","template":"","meta":{"footnotes":""},"class_list":["post-910","page","type-page","status-publish","hentry"],"_links":{"self":[{"href":"https:\/\/www.atkar.hu\/index.php?rest_route=\/wp\/v2\/pages\/910","targetHints":{"allow":["GET"]}}],"collection":[{"href":"https:\/\/www.atkar.hu\/index.php?rest_route=\/wp\/v2\/pages"}],"about":[{"href":"https:\/\/www.atkar.hu\/index.php?rest_route=\/wp\/v2\/types\/page"}],"author":[{"embeddable":true,"href":"https:\/\/www.atkar.hu\/index.php?rest_route=\/wp\/v2\/users\/1"}],"replies":[{"embeddable":true,"href":"https:\/\/www.atkar.hu\/index.php?rest_route=%2Fwp%2Fv2%2Fcomments&post=910"}],"version-history":[{"count":6,"href":"https:\/\/www.atkar.hu\/index.php?rest_route=\/wp\/v2\/pages\/910\/revisions"}],"predecessor-version":[{"id":1114,"href":"https:\/\/www.atkar.hu\/index.php?rest_route=\/wp\/v2\/pages\/910\/revisions\/1114"}],"up":[{"embeddable":true,"href":"https:\/\/www.atkar.hu\/index.php?rest_route=\/wp\/v2\/pages\/908"}],"wp:attachment":[{"href":"https:\/\/www.atkar.hu\/index.php?rest_route=%2Fwp%2Fv2%2Fmedia&parent=910"}],"curies":[{"name":"wp","href":"https:\/\/api.w.org\/{rel}","templated":true}]}}