{"id":912,"date":"2024-04-15T08:12:43","date_gmt":"2024-04-15T08:12:43","guid":{"rendered":"https:\/\/www.atkar.hu\/?page_id=912"},"modified":"2024-05-16T07:01:03","modified_gmt":"2024-05-16T07:01:03","slug":"hvi-tajekoztatok","status":"publish","type":"page","link":"https:\/\/www.atkar.hu\/?page_id=912","title":{"rendered":"HVI t\u00e1j\u00e9koztat\u00f3k"},"content":{"rendered":"\n<div class=\"wp-block-file\"><a id=\"wp-block-file--media-e02bd3dc-f7f3-460c-afdb-a7554a71c98a\" href=\"https:\/\/www.atkar.hu\/wp-content\/uploads\/HIRDETMENY-HVI.docx\">HIRDETMENY-HVI<\/a><a href=\"https:\/\/www.atkar.hu\/wp-content\/uploads\/HIRDETMENY-HVI.docx\" class=\"wp-block-file__button wp-element-button\" download aria-describedby=\"wp-block-file--media-e02bd3dc-f7f3-460c-afdb-a7554a71c98a\">Let\u00f6lt\u00e9s<\/a><\/div>\n","protected":false},"excerpt":{"rendered":"","protected":false},"author":1,"featured_media":0,"parent":908,"menu_order":2,"comment_status":"closed","ping_status":"closed","template":"","meta":{"footnotes":""},"class_list":["post-912","page","type-page","status-publish","hentry"],"_links":{"self":[{"href":"https:\/\/www.atkar.hu\/index.php?rest_route=\/wp\/v2\/pages\/912","targetHints":{"allow":["GET"]}}],"collection":[{"href":"https:\/\/www.atkar.hu\/index.php?rest_route=\/wp\/v2\/pages"}],"about":[{"href":"https:\/\/www.atkar.hu\/index.php?rest_route=\/wp\/v2\/types\/page"}],"author":[{"embeddable":true,"href":"https:\/\/www.atkar.hu\/index.php?rest_route=\/wp\/v2\/users\/1"}],"replies":[{"embeddable":true,"href":"https:\/\/www.atkar.hu\/index.php?rest_route=%2Fwp%2Fv2%2Fcomments&post=912"}],"version-history":[{"count":2,"href":"https:\/\/www.atkar.hu\/index.php?rest_route=\/wp\/v2\/pages\/912\/revisions"}],"predecessor-version":[{"id":985,"href":"https:\/\/www.atkar.hu\/index.php?rest_route=\/wp\/v2\/pages\/912\/revisions\/985"}],"up":[{"embeddable":true,"href":"https:\/\/www.atkar.hu\/index.php?rest_route=\/wp\/v2\/pages\/908"}],"wp:attachment":[{"href":"https:\/\/www.atkar.hu\/index.php?rest_route=%2Fwp%2Fv2%2Fmedia&parent=912"}],"curies":[{"name":"wp","href":"https:\/\/api.w.org\/{rel}","templated":true}]}}